{"id":228,"date":"2022-10-20T11:08:53","date_gmt":"2022-10-20T11:08:53","guid":{"rendered":"https:\/\/clarapache.com\/?page_id=228"},"modified":"2022-12-30T15:22:53","modified_gmt":"2022-12-30T15:22:53","slug":"cursos","status":"publish","type":"page","link":"https:\/\/clarapache.com\/index.php\/cursos\/","title":{"rendered":"Cursos"},"content":{"rendered":"\n<div class=\"wp-block-cover is-light\"><span aria-hidden=\"true\" class=\"wp-block-cover__background has-background-dim\"><\/span><img data-recalc-dims=\"1\" decoding=\"async\" width=\"1086\" height=\"724\" class=\"wp-block-cover__image-background wp-image-229\" alt=\"\" src=\"https:\/\/i0.wp.com\/clarapache.com\/wp-content\/uploads\/2022\/10\/FC06B9F5-89C3-4564-9F98-F9EF46BA0ADC_1_105_c.jpeg?resize=1086%2C724&#038;ssl=1\" data-object-fit=\"cover\" srcset=\"https:\/\/i0.wp.com\/clarapache.com\/wp-content\/uploads\/2022\/10\/FC06B9F5-89C3-4564-9F98-F9EF46BA0ADC_1_105_c.jpeg?w=1086&amp;ssl=1 1086w, https:\/\/i0.wp.com\/clarapache.com\/wp-content\/uploads\/2022\/10\/FC06B9F5-89C3-4564-9F98-F9EF46BA0ADC_1_105_c.jpeg?resize=300%2C200&amp;ssl=1 300w, https:\/\/i0.wp.com\/clarapache.com\/wp-content\/uploads\/2022\/10\/FC06B9F5-89C3-4564-9F98-F9EF46BA0ADC_1_105_c.jpeg?resize=1024%2C683&amp;ssl=1 1024w, https:\/\/i0.wp.com\/clarapache.com\/wp-content\/uploads\/2022\/10\/FC06B9F5-89C3-4564-9F98-F9EF46BA0ADC_1_105_c.jpeg?resize=768%2C512&amp;ssl=1 768w, https:\/\/i0.wp.com\/clarapache.com\/wp-content\/uploads\/2022\/10\/FC06B9F5-89C3-4564-9F98-F9EF46BA0ADC_1_105_c.jpeg?resize=600%2C400&amp;ssl=1 600w\" sizes=\"(max-width: 1000px) 100vw, 1000px\" \/><div class=\"wp-block-cover__inner-container is-layout-flow wp-block-cover-is-layout-flow\">\n<h1 class=\"has-text-align-center has-larger-font-size wp-block-heading\"><mark style=\"background-color:rgba(0, 0, 0, 0)\" class=\"has-inline-color has-white-color\">Corte e costura<\/mark><\/h1>\n<\/div><\/div>\n\n\n\n<p><\/p>\n\n\n\n<p><\/p>\n\n\n\n<p>As aulas de corte e costura revisitam a ideia das antigas formas de ensino, como algumas de nossas av\u00f3s aprenderam. Desde o ensino de identificar os moldes de revistas, que por muitas vezes parecem mapas indecifr\u00e1veis, tirar os moldes com o papel vegetal ou o papel quimico e a carretilha, preparar o tecido, posicionar, cortar e costurar as pe\u00e7as escolhidas. Depois de uma montagem da base, faziam-se as provas para ajustar o que fosse necess\u00e1rio e ai sim as pe\u00e7as s\u00e3o finalizadas para podermos usar.<\/p>\n\n\n\n<p>J\u00e1 costura para iniciantes \u00e9 uma possibilidade de ingressar no mundo m\u00e1gico da cria\u00e7\u00e3o e poder botar em pr\u00e1tica conhecimentos simples para fazer bainhas, pregar bot\u00f5es e para a contru\u00e7\u00e3o desde miudezas at\u00e9 sacos e bolsas.<\/p>\n\n\n\n<div class=\"wp-block-columns is-layout-flex wp-container-core-columns-is-layout-28f84493 wp-block-columns-is-layout-flex\">\n<div class=\"wp-block-column is-layout-flow wp-block-column-is-layout-flow\">\n<figure class=\"wp-block-image size-full\"><img data-recalc-dims=\"1\" decoding=\"async\" width=\"768\" height=\"1024\" src=\"https:\/\/i0.wp.com\/clarapache.com\/wp-content\/uploads\/2022\/10\/F8D9B65F-DA36-4CC0-B387-D4247E51368E_1_105_c.jpeg?resize=768%2C1024&#038;ssl=1\" alt=\"\" class=\"wp-image-250\" srcset=\"https:\/\/i0.wp.com\/clarapache.com\/wp-content\/uploads\/2022\/10\/F8D9B65F-DA36-4CC0-B387-D4247E51368E_1_105_c.jpeg?w=768&amp;ssl=1 768w, https:\/\/i0.wp.com\/clarapache.com\/wp-content\/uploads\/2022\/10\/F8D9B65F-DA36-4CC0-B387-D4247E51368E_1_105_c.jpeg?resize=225%2C300&amp;ssl=1 225w\" sizes=\"(max-width: 768px) 100vw, 768px\" \/><\/figure>\n<\/div>\n\n\n\n<div class=\"wp-block-column is-layout-flow wp-block-column-is-layout-flow\">\n<figure class=\"wp-block-image size-full\"><img data-recalc-dims=\"1\" decoding=\"async\" width=\"768\" height=\"1024\" src=\"https:\/\/i0.wp.com\/clarapache.com\/wp-content\/uploads\/2022\/10\/72047A66-2ECE-4415-9A01-F9C859B7A47E_1_105_c.jpeg?resize=768%2C1024&#038;ssl=1\" alt=\"\" class=\"wp-image-249\" srcset=\"https:\/\/i0.wp.com\/clarapache.com\/wp-content\/uploads\/2022\/10\/72047A66-2ECE-4415-9A01-F9C859B7A47E_1_105_c.jpeg?w=768&amp;ssl=1 768w, https:\/\/i0.wp.com\/clarapache.com\/wp-content\/uploads\/2022\/10\/72047A66-2ECE-4415-9A01-F9C859B7A47E_1_105_c.jpeg?resize=225%2C300&amp;ssl=1 225w\" sizes=\"(max-width: 768px) 100vw, 768px\" \/><\/figure>\n<\/div>\n\n\n\n<div class=\"wp-block-column is-layout-flow wp-block-column-is-layout-flow\">\n<figure class=\"wp-block-image size-full\"><img data-recalc-dims=\"1\" decoding=\"async\" width=\"768\" height=\"1024\" src=\"https:\/\/i0.wp.com\/clarapache.com\/wp-content\/uploads\/2022\/10\/DD05828B-119C-4497-A6A6-BFC8CA82A4FA_1_105_c.jpeg?resize=768%2C1024&#038;ssl=1\" alt=\"\" class=\"wp-image-239\" srcset=\"https:\/\/i0.wp.com\/clarapache.com\/wp-content\/uploads\/2022\/10\/DD05828B-119C-4497-A6A6-BFC8CA82A4FA_1_105_c.jpeg?w=768&amp;ssl=1 768w, https:\/\/i0.wp.com\/clarapache.com\/wp-content\/uploads\/2022\/10\/DD05828B-119C-4497-A6A6-BFC8CA82A4FA_1_105_c.jpeg?resize=225%2C300&amp;ssl=1 225w\" sizes=\"(max-width: 768px) 100vw, 768px\" \/><\/figure>\n<\/div>\n<\/div>\n\n\n\n<div class=\"wp-block-cover\"><span aria-hidden=\"true\" class=\"wp-block-cover__background has-background-dim\"><\/span><img data-recalc-dims=\"1\" decoding=\"async\" width=\"1920\" height=\"1280\" class=\"wp-block-cover__image-background wp-image-46\" alt=\"\" src=\"https:\/\/i0.wp.com\/clarapache.com\/wp-content\/uploads\/2022\/10\/Clara_181-scaled.jpg?resize=1920%2C1280&#038;ssl=1\" data-object-fit=\"cover\" srcset=\"https:\/\/i0.wp.com\/clarapache.com\/wp-content\/uploads\/2022\/10\/Clara_181-scaled.jpg?w=1920&amp;ssl=1 1920w, https:\/\/i0.wp.com\/clarapache.com\/wp-content\/uploads\/2022\/10\/Clara_181-scaled.jpg?resize=300%2C200&amp;ssl=1 300w, https:\/\/i0.wp.com\/clarapache.com\/wp-content\/uploads\/2022\/10\/Clara_181-scaled.jpg?resize=1024%2C683&amp;ssl=1 1024w, https:\/\/i0.wp.com\/clarapache.com\/wp-content\/uploads\/2022\/10\/Clara_181-scaled.jpg?resize=768%2C512&amp;ssl=1 768w, https:\/\/i0.wp.com\/clarapache.com\/wp-content\/uploads\/2022\/10\/Clara_181-scaled.jpg?resize=1536%2C1024&amp;ssl=1 1536w, https:\/\/i0.wp.com\/clarapache.com\/wp-content\/uploads\/2022\/10\/Clara_181-scaled.jpg?resize=2048%2C1365&amp;ssl=1 2048w, https:\/\/i0.wp.com\/clarapache.com\/wp-content\/uploads\/2022\/10\/Clara_181-scaled.jpg?resize=600%2C400&amp;ssl=1 600w\" sizes=\"(max-width: 1000px) 100vw, 1000px\" \/><div class=\"wp-block-cover__inner-container is-layout-flow wp-block-cover-is-layout-flow\">\n<h1 class=\"has-text-align-center has-larger-font-size wp-block-heading\">Modelagem Sob Medida<\/h1>\n<\/div><\/div>\n\n\n\n<p><\/p>\n\n\n\n<p>O curso de modelagem de roupas \u00e9 uma op\u00e7\u00e3o de aprender desde a raiz dos moldes, com o estudo das medidas, desenho de diagrama e adapta\u00e7\u00e3o para as suas medidas.<\/p>\n\n\n\n<div class=\"wp-block-columns is-layout-flex wp-container-core-columns-is-layout-28f84493 wp-block-columns-is-layout-flex\">\n<div class=\"wp-block-column is-layout-flow wp-block-column-is-layout-flow\">\n<figure class=\"wp-block-image size-full\"><img data-recalc-dims=\"1\" decoding=\"async\" width=\"886\" height=\"886\" src=\"https:\/\/i0.wp.com\/clarapache.com\/wp-content\/uploads\/2022\/10\/DD887F48-860E-4277-B56E-A1F582480267_1_105_c.jpeg?resize=886%2C886&#038;ssl=1\" alt=\"\" class=\"wp-image-238\" srcset=\"https:\/\/i0.wp.com\/clarapache.com\/wp-content\/uploads\/2022\/10\/DD887F48-860E-4277-B56E-A1F582480267_1_105_c.jpeg?w=886&amp;ssl=1 886w, https:\/\/i0.wp.com\/clarapache.com\/wp-content\/uploads\/2022\/10\/DD887F48-860E-4277-B56E-A1F582480267_1_105_c.jpeg?resize=300%2C300&amp;ssl=1 300w, https:\/\/i0.wp.com\/clarapache.com\/wp-content\/uploads\/2022\/10\/DD887F48-860E-4277-B56E-A1F582480267_1_105_c.jpeg?resize=150%2C150&amp;ssl=1 150w, https:\/\/i0.wp.com\/clarapache.com\/wp-content\/uploads\/2022\/10\/DD887F48-860E-4277-B56E-A1F582480267_1_105_c.jpeg?resize=768%2C768&amp;ssl=1 768w, https:\/\/i0.wp.com\/clarapache.com\/wp-content\/uploads\/2022\/10\/DD887F48-860E-4277-B56E-A1F582480267_1_105_c.jpeg?resize=800%2C800&amp;ssl=1 800w\" sizes=\"(max-width: 886px) 100vw, 886px\" \/><\/figure>\n<\/div>\n\n\n\n<div class=\"wp-block-column is-layout-flow wp-block-column-is-layout-flow\">\n<figure class=\"wp-block-image size-full is-resized\"><img data-recalc-dims=\"1\" decoding=\"async\" src=\"https:\/\/i0.wp.com\/clarapache.com\/wp-content\/uploads\/2022\/10\/B7CB6DEF-CFD2-46A1-AE67-2D9F4FE676C6_1_105_c.jpeg?resize=342%2C454&#038;ssl=1\" alt=\"\" class=\"wp-image-244\" width=\"342\" height=\"454\" srcset=\"https:\/\/i0.wp.com\/clarapache.com\/wp-content\/uploads\/2022\/10\/B7CB6DEF-CFD2-46A1-AE67-2D9F4FE676C6_1_105_c.jpeg?resize=225%2C300&amp;ssl=1 225w, https:\/\/i0.wp.com\/clarapache.com\/wp-content\/uploads\/2022\/10\/B7CB6DEF-CFD2-46A1-AE67-2D9F4FE676C6_1_105_c.jpeg?zoom=2&amp;resize=342%2C454&amp;ssl=1 684w\" sizes=\"(max-width: 342px) 100vw, 342px\" \/><\/figure>\n<\/div>\n<\/div>\n","protected":false},"excerpt":{"rendered":"<p>As aulas de corte e costura revisitam a ideia das antigas formas de ensino, como algumas de nossas av\u00f3s aprenderam. Desde o ensino de identificar os moldes de revistas, que por muitas vezes parecem mapas indecifr\u00e1veis, tirar os moldes com o papel vegetal ou o papel quimico e a carretilha, preparar o tecido, posicionar, cortar [&hellip;]<\/p>\n","protected":false},"author":2,"featured_media":0,"parent":0,"menu_order":0,"comment_status":"closed","ping_status":"closed","template":"","meta":{"footnotes":""},"class_list":["post-228","page","type-page","status-publish","hentry"],"jetpack_sharing_enabled":true,"_links":{"self":[{"href":"https:\/\/clarapache.com\/index.php\/wp-json\/wp\/v2\/pages\/228","targetHints":{"allow":["GET"]}}],"collection":[{"href":"https:\/\/clarapache.com\/index.php\/wp-json\/wp\/v2\/pages"}],"about":[{"href":"https:\/\/clarapache.com\/index.php\/wp-json\/wp\/v2\/types\/page"}],"author":[{"embeddable":true,"href":"https:\/\/clarapache.com\/index.php\/wp-json\/wp\/v2\/users\/2"}],"replies":[{"embeddable":true,"href":"https:\/\/clarapache.com\/index.php\/wp-json\/wp\/v2\/comments?post=228"}],"version-history":[{"count":17,"href":"https:\/\/clarapache.com\/index.php\/wp-json\/wp\/v2\/pages\/228\/revisions"}],"predecessor-version":[{"id":583,"href":"https:\/\/clarapache.com\/index.php\/wp-json\/wp\/v2\/pages\/228\/revisions\/583"}],"wp:attachment":[{"href":"https:\/\/clarapache.com\/index.php\/wp-json\/wp\/v2\/media?parent=228"}],"curies":[{"name":"wp","href":"https:\/\/api.w.org\/{rel}","templated":true}]}}