{"id":295,"date":"2022-11-20T13:19:37","date_gmt":"2022-11-20T13:19:37","guid":{"rendered":"https:\/\/clarapache.com\/?page_id=295"},"modified":"2022-11-20T20:51:33","modified_gmt":"2022-11-20T20:51:33","slug":"rafaela","status":"publish","type":"page","link":"https:\/\/clarapache.com\/index.php\/clientes\/rafaela\/","title":{"rendered":"Rafaela"},"content":{"rendered":"\n<div class=\"wp-block-cover is-light\"><span aria-hidden=\"true\" class=\"wp-block-cover__background has-background-dim\"><\/span><img data-recalc-dims=\"1\" decoding=\"async\" width=\"718\" height=\"957\" class=\"wp-block-cover__image-background wp-image-296\" alt=\"\" src=\"https:\/\/i0.wp.com\/clarapache.com\/wp-content\/uploads\/2022\/11\/BB758E99-D1E8-431F-954C-510494D01888_1_105_c-edited.jpeg?resize=718%2C957&#038;ssl=1\" data-object-fit=\"cover\" srcset=\"https:\/\/i0.wp.com\/clarapache.com\/wp-content\/uploads\/2022\/11\/BB758E99-D1E8-431F-954C-510494D01888_1_105_c-edited.jpeg?w=718&amp;ssl=1 718w, https:\/\/i0.wp.com\/clarapache.com\/wp-content\/uploads\/2022\/11\/BB758E99-D1E8-431F-954C-510494D01888_1_105_c-edited.jpeg?resize=225%2C300&amp;ssl=1 225w\" sizes=\"(max-width: 718px) 100vw, 718px\" \/><div class=\"wp-block-cover__inner-container is-layout-flow wp-block-cover-is-layout-flow\">\n<h1 class=\"has-text-align-center has-white-color has-text-color wp-block-heading\" style=\"font-size:clamp(26.944px, 1.684rem + ((1vw - 3.2px) * 1.985), 46px);\"><strong>Rafaela<\/strong><\/h1>\n<\/div><\/div>\n\n\n\n<p><\/p>\n\n\n\n<p class=\"has-text-align-center has-medium-font-size\"><strong>A dama de honor<\/strong><\/p>\n\n\n\n<p><\/p>\n\n\n\n<p>A Rafaela buscava um vestido especial para ser a dama de honor do casamento de uma amiga. Como ela estava a viver em Londres, trocamos mensagens e desenhei algumas op\u00e7\u00f5es a partir do que ela mostrou que gostava. Combinamos um dia em que ela estaria em Portugal para ver os tecidos e as cores que caiam-lhe melhor pelo tom de sua pele. A escolha de um modelo fluido com a op\u00e7\u00e3o de usar com ou sem as mangas esvoa\u00e7antes foi a decidida, pois daria ainda mais oportunidades de uso no futuro, sem estar a usar o mesmo modelo, nem ter de alter\u00e1-lo.<\/p>\n\n\n\n<div class=\"wp-block-columns is-layout-flex wp-container-core-columns-is-layout-28f84493 wp-block-columns-is-layout-flex\">\n<div class=\"wp-block-column is-layout-flow wp-block-column-is-layout-flow\">\n<figure class=\"wp-block-image aligncenter size-large is-resized\"><img data-recalc-dims=\"1\" decoding=\"async\" src=\"https:\/\/i0.wp.com\/clarapache.com\/wp-content\/uploads\/2022\/11\/IMG_1694.jpg?resize=307%2C433&#038;ssl=1\" alt=\"\" class=\"wp-image-338\" width=\"307\" height=\"433\" srcset=\"https:\/\/i0.wp.com\/clarapache.com\/wp-content\/uploads\/2022\/11\/IMG_1694-scaled.jpg?resize=724%2C1024&amp;ssl=1 724w, https:\/\/i0.wp.com\/clarapache.com\/wp-content\/uploads\/2022\/11\/IMG_1694-scaled.jpg?resize=212%2C300&amp;ssl=1 212w, https:\/\/i0.wp.com\/clarapache.com\/wp-content\/uploads\/2022\/11\/IMG_1694-scaled.jpg?resize=768%2C1086&amp;ssl=1 768w, https:\/\/i0.wp.com\/clarapache.com\/wp-content\/uploads\/2022\/11\/IMG_1694-scaled.jpg?resize=1086%2C1536&amp;ssl=1 1086w, https:\/\/i0.wp.com\/clarapache.com\/wp-content\/uploads\/2022\/11\/IMG_1694-scaled.jpg?resize=1448%2C2048&amp;ssl=1 1448w, https:\/\/i0.wp.com\/clarapache.com\/wp-content\/uploads\/2022\/11\/IMG_1694-scaled.jpg?w=1358&amp;ssl=1 1358w\" sizes=\"(max-width: 307px) 100vw, 307px\" \/><\/figure>\n<\/div>\n\n\n\n<div class=\"wp-block-column is-layout-flow wp-block-column-is-layout-flow\">\n<figure class=\"wp-block-image aligncenter size-full is-resized\"><img data-recalc-dims=\"1\" decoding=\"async\" src=\"https:\/\/i0.wp.com\/clarapache.com\/wp-content\/uploads\/2022\/11\/BB758E99-D1E8-431F-954C-510494D01888_1_105_c-edited.jpeg?resize=302%2C402&#038;ssl=1\" alt=\"\" class=\"wp-image-296\" width=\"302\" height=\"402\" srcset=\"https:\/\/i0.wp.com\/clarapache.com\/wp-content\/uploads\/2022\/11\/BB758E99-D1E8-431F-954C-510494D01888_1_105_c-edited.jpeg?w=718&amp;ssl=1 718w, https:\/\/i0.wp.com\/clarapache.com\/wp-content\/uploads\/2022\/11\/BB758E99-D1E8-431F-954C-510494D01888_1_105_c-edited.jpeg?resize=225%2C300&amp;ssl=1 225w\" sizes=\"(max-width: 302px) 100vw, 302px\" \/><\/figure>\n<\/div>\n<\/div>\n\n\n\n<p>O corpo do vestido foi feito em crepe, utilizando o lado mais liso e blilhante para fora e as mangas foram feitas em mousseline para trazer mais leveza, ainda com aplica\u00e7\u00e3o de mini p\u00e9rolas para dar um toque ainda mais rom\u00e2ntico.<\/p>\n\n\n\n<p><\/p>\n\n\n\n<p><\/p>\n","protected":false},"excerpt":{"rendered":"<p>A dama de honor A Rafaela buscava um vestido especial para ser a dama de honor do casamento de uma amiga. Como ela estava a viver em Londres, trocamos mensagens e desenhei algumas op\u00e7\u00f5es a partir do que ela mostrou que gostava. Combinamos um dia em que ela estaria em Portugal para ver os tecidos [&hellip;]<\/p>\n","protected":false},"author":2,"featured_media":0,"parent":268,"menu_order":0,"comment_status":"closed","ping_status":"closed","template":"","meta":{"footnotes":""},"class_list":["post-295","page","type-page","status-publish","hentry"],"jetpack_sharing_enabled":true,"_links":{"self":[{"href":"https:\/\/clarapache.com\/index.php\/wp-json\/wp\/v2\/pages\/295","targetHints":{"allow":["GET"]}}],"collection":[{"href":"https:\/\/clarapache.com\/index.php\/wp-json\/wp\/v2\/pages"}],"about":[{"href":"https:\/\/clarapache.com\/index.php\/wp-json\/wp\/v2\/types\/page"}],"author":[{"embeddable":true,"href":"https:\/\/clarapache.com\/index.php\/wp-json\/wp\/v2\/users\/2"}],"replies":[{"embeddable":true,"href":"https:\/\/clarapache.com\/index.php\/wp-json\/wp\/v2\/comments?post=295"}],"version-history":[{"count":30,"href":"https:\/\/clarapache.com\/index.php\/wp-json\/wp\/v2\/pages\/295\/revisions"}],"predecessor-version":[{"id":563,"href":"https:\/\/clarapache.com\/index.php\/wp-json\/wp\/v2\/pages\/295\/revisions\/563"}],"up":[{"embeddable":true,"href":"https:\/\/clarapache.com\/index.php\/wp-json\/wp\/v2\/pages\/268"}],"wp:attachment":[{"href":"https:\/\/clarapache.com\/index.php\/wp-json\/wp\/v2\/media?parent=295"}],"curies":[{"name":"wp","href":"https:\/\/api.w.org\/{rel}","templated":true}]}}