{"id":36,"date":"2022-10-20T09:58:57","date_gmt":"2022-10-20T09:58:57","guid":{"rendered":"https:\/\/clarapache.com\/?page_id=36"},"modified":"2022-11-20T20:47:54","modified_gmt":"2022-11-20T20:47:54","slug":"rita","status":"publish","type":"page","link":"https:\/\/clarapache.com\/index.php\/clientes\/rita\/","title":{"rendered":"Rita"},"content":{"rendered":"\n<div class=\"wp-block-cover\"><span aria-hidden=\"true\" class=\"wp-block-cover__background has-background-dim\"><\/span><img data-recalc-dims=\"1\" decoding=\"async\" width=\"1086\" height=\"724\" class=\"wp-block-cover__image-background wp-image-166\" alt=\"\" src=\"https:\/\/i0.wp.com\/clarapache.com\/wp-content\/uploads\/2022\/10\/726F0528-B3F2-4EFD-9E32-A1667A95F839_1_105_c.jpeg?resize=1086%2C724&#038;ssl=1\" data-object-fit=\"cover\" srcset=\"https:\/\/i0.wp.com\/clarapache.com\/wp-content\/uploads\/2022\/10\/726F0528-B3F2-4EFD-9E32-A1667A95F839_1_105_c.jpeg?w=1086&amp;ssl=1 1086w, https:\/\/i0.wp.com\/clarapache.com\/wp-content\/uploads\/2022\/10\/726F0528-B3F2-4EFD-9E32-A1667A95F839_1_105_c.jpeg?resize=300%2C200&amp;ssl=1 300w, https:\/\/i0.wp.com\/clarapache.com\/wp-content\/uploads\/2022\/10\/726F0528-B3F2-4EFD-9E32-A1667A95F839_1_105_c.jpeg?resize=1024%2C683&amp;ssl=1 1024w, https:\/\/i0.wp.com\/clarapache.com\/wp-content\/uploads\/2022\/10\/726F0528-B3F2-4EFD-9E32-A1667A95F839_1_105_c.jpeg?resize=768%2C512&amp;ssl=1 768w, https:\/\/i0.wp.com\/clarapache.com\/wp-content\/uploads\/2022\/10\/726F0528-B3F2-4EFD-9E32-A1667A95F839_1_105_c.jpeg?resize=600%2C400&amp;ssl=1 600w\" sizes=\"(max-width: 1000px) 100vw, 1000px\" \/><div class=\"wp-block-cover__inner-container is-layout-flow wp-block-cover-is-layout-flow\">\n<h1 class=\"has-text-align-center wp-block-heading\" style=\"font-size:clamp(26.944px, 1.684rem + ((1vw - 3.2px) * 1.985), 46px);\"><strong>Rita<\/strong> <\/h1>\n<\/div><\/div>\n\n\n\n<p><\/p>\n\n\n\n<p><\/p>\n\n\n\n<h2 class=\"has-text-align-center wp-block-heading\"><strong>Um vestido de mem\u00f3ria afetiva<\/strong><\/h2>\n\n\n\n<p><\/p>\n\n\n\n<div class=\"wp-block-columns is-layout-flex wp-container-core-columns-is-layout-28f84493 wp-block-columns-is-layout-flex\">\n<div class=\"wp-block-column is-layout-flow wp-block-column-is-layout-flow\">\n<figure class=\"wp-block-image size-large\"><img data-recalc-dims=\"1\" decoding=\"async\" width=\"1024\" height=\"683\" src=\"https:\/\/i0.wp.com\/clarapache.com\/wp-content\/uploads\/2022\/10\/65FE264E-332E-4061-BA3E-0253EA29BBE9_1_105_c.jpeg?resize=1024%2C683&#038;ssl=1\" alt=\"\" class=\"wp-image-214\" srcset=\"https:\/\/i0.wp.com\/clarapache.com\/wp-content\/uploads\/2022\/10\/65FE264E-332E-4061-BA3E-0253EA29BBE9_1_105_c.jpeg?resize=1024%2C683&amp;ssl=1 1024w, https:\/\/i0.wp.com\/clarapache.com\/wp-content\/uploads\/2022\/10\/65FE264E-332E-4061-BA3E-0253EA29BBE9_1_105_c.jpeg?resize=300%2C200&amp;ssl=1 300w, https:\/\/i0.wp.com\/clarapache.com\/wp-content\/uploads\/2022\/10\/65FE264E-332E-4061-BA3E-0253EA29BBE9_1_105_c.jpeg?resize=768%2C512&amp;ssl=1 768w, https:\/\/i0.wp.com\/clarapache.com\/wp-content\/uploads\/2022\/10\/65FE264E-332E-4061-BA3E-0253EA29BBE9_1_105_c.jpeg?resize=600%2C400&amp;ssl=1 600w, https:\/\/i0.wp.com\/clarapache.com\/wp-content\/uploads\/2022\/10\/65FE264E-332E-4061-BA3E-0253EA29BBE9_1_105_c.jpeg?w=1086&amp;ssl=1 1086w\" sizes=\"(max-width: 1000px) 100vw, 1000px\" \/><\/figure>\n<\/div>\n\n\n\n<div class=\"wp-block-column is-layout-flow wp-block-column-is-layout-flow\">\n<figure class=\"wp-block-image size-large\"><img data-recalc-dims=\"1\" decoding=\"async\" width=\"1024\" height=\"683\" src=\"https:\/\/i0.wp.com\/clarapache.com\/wp-content\/uploads\/2022\/10\/BA545663-585A-4C33-AC97-D5FA685D0782_1_105_c.jpeg?resize=1024%2C683&#038;ssl=1\" alt=\"\" class=\"wp-image-215\" srcset=\"https:\/\/i0.wp.com\/clarapache.com\/wp-content\/uploads\/2022\/10\/BA545663-585A-4C33-AC97-D5FA685D0782_1_105_c.jpeg?resize=1024%2C683&amp;ssl=1 1024w, https:\/\/i0.wp.com\/clarapache.com\/wp-content\/uploads\/2022\/10\/BA545663-585A-4C33-AC97-D5FA685D0782_1_105_c.jpeg?resize=300%2C200&amp;ssl=1 300w, https:\/\/i0.wp.com\/clarapache.com\/wp-content\/uploads\/2022\/10\/BA545663-585A-4C33-AC97-D5FA685D0782_1_105_c.jpeg?resize=768%2C512&amp;ssl=1 768w, https:\/\/i0.wp.com\/clarapache.com\/wp-content\/uploads\/2022\/10\/BA545663-585A-4C33-AC97-D5FA685D0782_1_105_c.jpeg?resize=600%2C400&amp;ssl=1 600w, https:\/\/i0.wp.com\/clarapache.com\/wp-content\/uploads\/2022\/10\/BA545663-585A-4C33-AC97-D5FA685D0782_1_105_c.jpeg?w=1086&amp;ssl=1 1086w\" sizes=\"(max-width: 1000px) 100vw, 1000px\" \/><\/figure>\n<\/div>\n<\/div>\n\n\n\n<figure class=\"wp-block-image alignleft size-large is-resized\"><img data-recalc-dims=\"1\" decoding=\"async\" src=\"https:\/\/i0.wp.com\/clarapache.com\/wp-content\/uploads\/2022\/11\/Rita-croqui.png?resize=367%2C520&#038;ssl=1\" alt=\"\" class=\"wp-image-331\" width=\"367\" height=\"520\" srcset=\"https:\/\/i0.wp.com\/clarapache.com\/wp-content\/uploads\/2022\/11\/Rita-croqui.png?resize=724%2C1024&amp;ssl=1 724w, https:\/\/i0.wp.com\/clarapache.com\/wp-content\/uploads\/2022\/11\/Rita-croqui.png?resize=212%2C300&amp;ssl=1 212w, https:\/\/i0.wp.com\/clarapache.com\/wp-content\/uploads\/2022\/11\/Rita-croqui.png?resize=768%2C1086&amp;ssl=1 768w, https:\/\/i0.wp.com\/clarapache.com\/wp-content\/uploads\/2022\/11\/Rita-croqui.png?resize=1086%2C1536&amp;ssl=1 1086w, https:\/\/i0.wp.com\/clarapache.com\/wp-content\/uploads\/2022\/11\/Rita-croqui.png?resize=1448%2C2048&amp;ssl=1 1448w, https:\/\/i0.wp.com\/clarapache.com\/wp-content\/uploads\/2022\/11\/Rita-croqui.png?w=1357&amp;ssl=1 1357w\" sizes=\"(max-width: 367px) 100vw, 367px\" \/><\/figure>\n\n\n\n<p>Rita era uma noiva que nunca havia sonhado com o casamento e muito menos em vestir-se com um vestido de noiva convencional, mas para sua familia dizia com ar de &#8220;n\u00e3o esperem isso de mim&#8221; que se algum dia a ideia de um casamento acontecesse, ela levaria frioleiras em seu vestido, tamb\u00e9m conhecida como <em>frivolit\u00e9<\/em>, uma esp\u00e9cie de renda semelhante a renda de bilros, que sua av\u00f3 ainda hoje faz e sempre passou este conhecimento para suas filhas e netas. <\/p>\n\n\n\n<p>Logo que ela me procurou, imaginei o vestido com fluidez, leveza e as rendas como estrelas aplicadas ao longo de seu vestido. Pensamos em cores suaves para fugir ao branco tradicional, mas acabamos por escolher uma op\u00e7\u00e3o de base em <em>off white<\/em> e para as rendas trabalhariamos tons de cru, p\u00e9rola e at\u00e9 um tom de bege. As rendas foram feitas por sua av\u00f3, conforme solicitado pela neta no passado, de forma despretenciosa.<\/p>\n\n\n\n<p><\/p>\n\n\n\n<p><\/p>\n\n\n\n<div class=\"wp-block-columns is-layout-flex wp-container-core-columns-is-layout-28f84493 wp-block-columns-is-layout-flex\">\n<div class=\"wp-block-column is-layout-flow wp-block-column-is-layout-flow\">\n<div class=\"wp-block-columns is-layout-flex wp-container-core-columns-is-layout-28f84493 wp-block-columns-is-layout-flex\">\n<div class=\"wp-block-column is-layout-flow wp-block-column-is-layout-flow\">\n<figure class=\"wp-block-image size-large\"><img data-recalc-dims=\"1\" decoding=\"async\" width=\"1024\" height=\"683\" src=\"https:\/\/i0.wp.com\/clarapache.com\/wp-content\/uploads\/2022\/10\/EF2FCF56-3408-47F7-B740-AD60133B19DC_1_105_c.jpeg?resize=1024%2C683&#038;ssl=1\" alt=\"\" class=\"wp-image-167\" srcset=\"https:\/\/i0.wp.com\/clarapache.com\/wp-content\/uploads\/2022\/10\/EF2FCF56-3408-47F7-B740-AD60133B19DC_1_105_c.jpeg?resize=1024%2C683&amp;ssl=1 1024w, https:\/\/i0.wp.com\/clarapache.com\/wp-content\/uploads\/2022\/10\/EF2FCF56-3408-47F7-B740-AD60133B19DC_1_105_c.jpeg?resize=300%2C200&amp;ssl=1 300w, https:\/\/i0.wp.com\/clarapache.com\/wp-content\/uploads\/2022\/10\/EF2FCF56-3408-47F7-B740-AD60133B19DC_1_105_c.jpeg?resize=768%2C512&amp;ssl=1 768w, https:\/\/i0.wp.com\/clarapache.com\/wp-content\/uploads\/2022\/10\/EF2FCF56-3408-47F7-B740-AD60133B19DC_1_105_c.jpeg?resize=600%2C400&amp;ssl=1 600w, https:\/\/i0.wp.com\/clarapache.com\/wp-content\/uploads\/2022\/10\/EF2FCF56-3408-47F7-B740-AD60133B19DC_1_105_c.jpeg?w=1086&amp;ssl=1 1086w\" sizes=\"(max-width: 1000px) 100vw, 1000px\" \/><\/figure>\n<\/div>\n\n\n\n<div class=\"wp-block-column is-layout-flow wp-block-column-is-layout-flow\">\n<figure class=\"wp-block-image size-large\"><img data-recalc-dims=\"1\" decoding=\"async\" width=\"1024\" height=\"683\" src=\"https:\/\/i0.wp.com\/clarapache.com\/wp-content\/uploads\/2022\/10\/F29EC730-EB97-4D03-8F0F-44967CD02E50_1_105_c.jpeg?resize=1024%2C683&#038;ssl=1\" alt=\"\" class=\"wp-image-217\" srcset=\"https:\/\/i0.wp.com\/clarapache.com\/wp-content\/uploads\/2022\/10\/F29EC730-EB97-4D03-8F0F-44967CD02E50_1_105_c.jpeg?resize=1024%2C683&amp;ssl=1 1024w, https:\/\/i0.wp.com\/clarapache.com\/wp-content\/uploads\/2022\/10\/F29EC730-EB97-4D03-8F0F-44967CD02E50_1_105_c.jpeg?resize=300%2C200&amp;ssl=1 300w, https:\/\/i0.wp.com\/clarapache.com\/wp-content\/uploads\/2022\/10\/F29EC730-EB97-4D03-8F0F-44967CD02E50_1_105_c.jpeg?resize=768%2C512&amp;ssl=1 768w, https:\/\/i0.wp.com\/clarapache.com\/wp-content\/uploads\/2022\/10\/F29EC730-EB97-4D03-8F0F-44967CD02E50_1_105_c.jpeg?resize=600%2C400&amp;ssl=1 600w, https:\/\/i0.wp.com\/clarapache.com\/wp-content\/uploads\/2022\/10\/F29EC730-EB97-4D03-8F0F-44967CD02E50_1_105_c.jpeg?w=1086&amp;ssl=1 1086w\" sizes=\"(max-width: 1000px) 100vw, 1000px\" \/><\/figure>\n<\/div>\n<\/div>\n<\/div>\n<\/div>\n\n\n\n<p>Houve um trabalho em conjunto onde selecionamos os tipos de florais ou &#8220;estrelas&#8221; e diferentes tamahos, para representar a constela\u00e7\u00e3o presente na identidade visual de seu casamento. Como resultado, um vestido de crepe georgette, mais encorpado, por\u00e9m sem muita estrutura para al\u00e9m das copas, decote em &#8220;V&#8221; mais sutil a frente e pouco mais profundo nas costas, com a fluidez da mousseline a criar um v\u00e9u de &#8220;asas&#8221;. As frioleiras foram aplicadas manualmente uma a uma por cima e por baixo do &#8220;v\u00e9u-asas&#8221;, para criar um efeito 3D. O recorte princesa da parte superior acomodava suas curvas e a saia em god\u00ea simples deu a delicadeza e fluidez necess\u00e1rias para que ela pudesse aproveitar sua festa realizada em uma Quinta.<\/p>\n\n\n\n<div class=\"wp-block-columns is-layout-flex wp-container-core-columns-is-layout-28f84493 wp-block-columns-is-layout-flex\">\n<div class=\"wp-block-column is-layout-flow wp-block-column-is-layout-flow\">\n<figure class=\"wp-block-image size-large\"><img data-recalc-dims=\"1\" decoding=\"async\" width=\"1024\" height=\"683\" src=\"https:\/\/i0.wp.com\/clarapache.com\/wp-content\/uploads\/2022\/10\/0FCA90D1-78D6-4733-9306-2B4A5DED1B92_1_105_c-1.jpeg?resize=1024%2C683&#038;ssl=1\" alt=\"\" class=\"wp-image-170\" srcset=\"https:\/\/i0.wp.com\/clarapache.com\/wp-content\/uploads\/2022\/10\/0FCA90D1-78D6-4733-9306-2B4A5DED1B92_1_105_c-1.jpeg?resize=1024%2C683&amp;ssl=1 1024w, https:\/\/i0.wp.com\/clarapache.com\/wp-content\/uploads\/2022\/10\/0FCA90D1-78D6-4733-9306-2B4A5DED1B92_1_105_c-1.jpeg?resize=300%2C200&amp;ssl=1 300w, https:\/\/i0.wp.com\/clarapache.com\/wp-content\/uploads\/2022\/10\/0FCA90D1-78D6-4733-9306-2B4A5DED1B92_1_105_c-1.jpeg?resize=768%2C512&amp;ssl=1 768w, https:\/\/i0.wp.com\/clarapache.com\/wp-content\/uploads\/2022\/10\/0FCA90D1-78D6-4733-9306-2B4A5DED1B92_1_105_c-1.jpeg?resize=600%2C400&amp;ssl=1 600w, https:\/\/i0.wp.com\/clarapache.com\/wp-content\/uploads\/2022\/10\/0FCA90D1-78D6-4733-9306-2B4A5DED1B92_1_105_c-1.jpeg?w=1086&amp;ssl=1 1086w\" sizes=\"(max-width: 1000px) 100vw, 1000px\" \/><figcaption class=\"wp-element-caption\">Os nomes das amigas escrito em uma fita azul para dar sorte<\/figcaption><\/figure>\n<\/div>\n\n\n\n<div class=\"wp-block-column is-layout-flow wp-block-column-is-layout-flow\">\n<figure class=\"wp-block-image size-large\"><img data-recalc-dims=\"1\" decoding=\"async\" width=\"1024\" height=\"683\" src=\"https:\/\/i0.wp.com\/clarapache.com\/wp-content\/uploads\/2022\/10\/661AFB40-FD2C-4B1F-A20C-A88CE142AD7A_1_105_c.jpeg?resize=1024%2C683&#038;ssl=1\" alt=\"\" class=\"wp-image-168\" srcset=\"https:\/\/i0.wp.com\/clarapache.com\/wp-content\/uploads\/2022\/10\/661AFB40-FD2C-4B1F-A20C-A88CE142AD7A_1_105_c.jpeg?resize=1024%2C683&amp;ssl=1 1024w, https:\/\/i0.wp.com\/clarapache.com\/wp-content\/uploads\/2022\/10\/661AFB40-FD2C-4B1F-A20C-A88CE142AD7A_1_105_c.jpeg?resize=300%2C200&amp;ssl=1 300w, https:\/\/i0.wp.com\/clarapache.com\/wp-content\/uploads\/2022\/10\/661AFB40-FD2C-4B1F-A20C-A88CE142AD7A_1_105_c.jpeg?resize=768%2C512&amp;ssl=1 768w, https:\/\/i0.wp.com\/clarapache.com\/wp-content\/uploads\/2022\/10\/661AFB40-FD2C-4B1F-A20C-A88CE142AD7A_1_105_c.jpeg?resize=600%2C400&amp;ssl=1 600w, https:\/\/i0.wp.com\/clarapache.com\/wp-content\/uploads\/2022\/10\/661AFB40-FD2C-4B1F-A20C-A88CE142AD7A_1_105_c.jpeg?w=1086&amp;ssl=1 1086w\" sizes=\"(max-width: 1000px) 100vw, 1000px\" \/><figcaption class=\"wp-element-caption\">Frioleiras que foram aplicadas nos cabelos<\/figcaption><\/figure>\n<\/div>\n<\/div>\n\n\n\n<figure class=\"wp-block-image alignleft size-full is-resized\"><img data-recalc-dims=\"1\" decoding=\"async\" src=\"https:\/\/i0.wp.com\/clarapache.com\/wp-content\/uploads\/2022\/10\/39F097F4-2273-449C-B17E-951E08FD7C37_1_105_c-edited.jpeg?resize=202%2C270&#038;ssl=1\" alt=\"\" class=\"wp-image-189\" width=\"202\" height=\"270\" srcset=\"https:\/\/i0.wp.com\/clarapache.com\/wp-content\/uploads\/2022\/10\/39F097F4-2273-449C-B17E-951E08FD7C37_1_105_c-edited.jpeg?w=401&amp;ssl=1 401w, https:\/\/i0.wp.com\/clarapache.com\/wp-content\/uploads\/2022\/10\/39F097F4-2273-449C-B17E-951E08FD7C37_1_105_c-edited.jpeg?resize=225%2C300&amp;ssl=1 225w\" sizes=\"(max-width: 202px) 100vw, 202px\" \/><\/figure>\n\n\n\n<p>Como este casamento aconteceu em 2021 e as m\u00e1scaras de prote\u00e7\u00e3o ainda eram bastante necess\u00e1rias, fiz uma m\u00e1scara social especialmente para o dia e apliquei frioleiras para comporem com toda a identidade da noiva, que tamb\u00e9m levava algumas nos cabelos.<\/p>\n\n\n\n<p>Noiva: Rita Santos<\/p>\n\n\n\n<p>Fotografias: Pedro Lopes<\/p>\n\n\n\n<p>Vestido: Clara Pache Atelier <\/p>\n","protected":false},"excerpt":{"rendered":"<p>Um vestido de mem\u00f3ria afetiva Rita era uma noiva que nunca havia sonhado com o casamento e muito menos em vestir-se com um vestido de noiva convencional, mas para sua familia dizia com ar de &#8220;n\u00e3o esperem isso de mim&#8221; que se algum dia a ideia de um casamento acontecesse, ela levaria frioleiras em seu [&hellip;]<\/p>\n","protected":false},"author":2,"featured_media":0,"parent":268,"menu_order":0,"comment_status":"closed","ping_status":"closed","template":"","meta":{"footnotes":""},"class_list":["post-36","page","type-page","status-publish","hentry"],"jetpack_sharing_enabled":true,"_links":{"self":[{"href":"https:\/\/clarapache.com\/index.php\/wp-json\/wp\/v2\/pages\/36","targetHints":{"allow":["GET"]}}],"collection":[{"href":"https:\/\/clarapache.com\/index.php\/wp-json\/wp\/v2\/pages"}],"about":[{"href":"https:\/\/clarapache.com\/index.php\/wp-json\/wp\/v2\/types\/page"}],"author":[{"embeddable":true,"href":"https:\/\/clarapache.com\/index.php\/wp-json\/wp\/v2\/users\/2"}],"replies":[{"embeddable":true,"href":"https:\/\/clarapache.com\/index.php\/wp-json\/wp\/v2\/comments?post=36"}],"version-history":[{"count":44,"href":"https:\/\/clarapache.com\/index.php\/wp-json\/wp\/v2\/pages\/36\/revisions"}],"predecessor-version":[{"id":558,"href":"https:\/\/clarapache.com\/index.php\/wp-json\/wp\/v2\/pages\/36\/revisions\/558"}],"up":[{"embeddable":true,"href":"https:\/\/clarapache.com\/index.php\/wp-json\/wp\/v2\/pages\/268"}],"wp:attachment":[{"href":"https:\/\/clarapache.com\/index.php\/wp-json\/wp\/v2\/media?parent=36"}],"curies":[{"name":"wp","href":"https:\/\/api.w.org\/{rel}","templated":true}]}}