{"id":407,"date":"2022-11-20T17:33:36","date_gmt":"2022-11-20T17:33:36","guid":{"rendered":"https:\/\/clarapache.com\/?page_id=407"},"modified":"2024-04-13T12:15:34","modified_gmt":"2024-04-13T12:15:34","slug":"portfolio-2","status":"publish","type":"page","link":"https:\/\/clarapache.com\/","title":{"rendered":"Projetos"},"content":{"rendered":"\n<figure class=\"wp-block-pullquote alignwide\"><blockquote><p>&#8220;Em cada linha, tecido e cor mergulho na jornada da express\u00e3o, onde moda, arte e figurino se entrela\u00e7am para dar vida a hist\u00f3rias \u00fanicas e inspiradoras.&#8221;<\/p><\/blockquote><\/figure>\n\n\n\n<div class=\"wp-block-cover alignwide\"><span aria-hidden=\"true\" class=\"wp-block-cover__background has-background-dim\"><\/span><img data-recalc-dims=\"1\" decoding=\"async\" width=\"768\" height=\"1024\" class=\"wp-block-cover__image-background wp-image-672\" alt=\"\" src=\"https:\/\/i0.wp.com\/clarapache.com\/wp-content\/uploads\/2024\/04\/museu-do-traje.jpg?resize=768%2C1024&#038;ssl=1\" style=\"object-position:52% 36%\" data-object-fit=\"cover\" data-object-position=\"52% 36%\" srcset=\"https:\/\/i0.wp.com\/clarapache.com\/wp-content\/uploads\/2024\/04\/museu-do-traje.jpg?resize=768%2C1024&amp;ssl=1 768w, https:\/\/i0.wp.com\/clarapache.com\/wp-content\/uploads\/2024\/04\/museu-do-traje.jpg?resize=225%2C300&amp;ssl=1 225w, https:\/\/i0.wp.com\/clarapache.com\/wp-content\/uploads\/2024\/04\/museu-do-traje.jpg?resize=1152%2C1536&amp;ssl=1 1152w, https:\/\/i0.wp.com\/clarapache.com\/wp-content\/uploads\/2024\/04\/museu-do-traje.jpg?w=1440&amp;ssl=1 1440w\" sizes=\"(max-width: 768px) 100vw, 768px\" \/><div class=\"wp-block-cover__inner-container is-layout-flow wp-block-cover-is-layout-flow\">\n<p class=\"has-text-align-center has-base-color has-text-color has-link-color has-heading-font-family has-x-large-font-size wp-elements-4c7b1bda7cffc05f8b1ed7429e87e174\"><strong><a href=\"https:\/\/clarapache.com\/index.php\/projeto-teste-3d-mtl\/\" data-type=\"page\" data-id=\"615\">Digitaliza\u00e7\u00e3o de Trajes Hist\u00f3ricos<\/a><\/strong><\/p>\n<\/div><\/div>\n\n\n\n<div class=\"wp-block-columns alignwide is-layout-flex wp-container-core-columns-is-layout-28f84493 wp-block-columns-is-layout-flex\">\n<div class=\"wp-block-column is-layout-flow wp-block-column-is-layout-flow\">\n<figure class=\"wp-block-image aligncenter size-large\"><a href=\"https:\/\/clarapache.com\/index.php\/portfolio-2\/portfolio\/\"><img data-recalc-dims=\"1\" decoding=\"async\" width=\"1024\" height=\"724\" src=\"https:\/\/i0.wp.com\/clarapache.com\/wp-content\/uploads\/2022\/11\/Screenshot-2022-11-20-at-14.52.49.png?resize=1024%2C724&#038;ssl=1\" alt=\"\" class=\"wp-image-367\" srcset=\"https:\/\/i0.wp.com\/clarapache.com\/wp-content\/uploads\/2022\/11\/Screenshot-2022-11-20-at-14.52.49.png?resize=1024%2C724&amp;ssl=1 1024w, https:\/\/i0.wp.com\/clarapache.com\/wp-content\/uploads\/2022\/11\/Screenshot-2022-11-20-at-14.52.49.png?resize=300%2C212&amp;ssl=1 300w, https:\/\/i0.wp.com\/clarapache.com\/wp-content\/uploads\/2022\/11\/Screenshot-2022-11-20-at-14.52.49.png?resize=768%2C543&amp;ssl=1 768w, https:\/\/i0.wp.com\/clarapache.com\/wp-content\/uploads\/2022\/11\/Screenshot-2022-11-20-at-14.52.49.png?resize=1536%2C1086&amp;ssl=1 1536w, https:\/\/i0.wp.com\/clarapache.com\/wp-content\/uploads\/2022\/11\/Screenshot-2022-11-20-at-14.52.49.png?resize=2048%2C1448&amp;ssl=1 2048w, https:\/\/i0.wp.com\/clarapache.com\/wp-content\/uploads\/2022\/11\/Screenshot-2022-11-20-at-14.52.49.png?w=1920&amp;ssl=1 1920w\" sizes=\"(max-width: 1000px) 100vw, 1000px\" \/><\/a><\/figure>\n<\/div>\n\n\n\n<div class=\"wp-block-column is-layout-flow wp-block-column-is-layout-flow\">\n<figure class=\"wp-block-image aligncenter size-large\"><a href=\"https:\/\/clarapache.com\/index.php\/colecao-lingerie\/\"><img data-recalc-dims=\"1\" decoding=\"async\" width=\"1024\" height=\"723\" src=\"https:\/\/i0.wp.com\/clarapache.com\/wp-content\/uploads\/2022\/11\/Screenshot-2022-11-20-at-14.51.32.png?resize=1024%2C723&#038;ssl=1\" alt=\"\" class=\"wp-image-398\" srcset=\"https:\/\/i0.wp.com\/clarapache.com\/wp-content\/uploads\/2022\/11\/Screenshot-2022-11-20-at-14.51.32.png?resize=1024%2C723&amp;ssl=1 1024w, https:\/\/i0.wp.com\/clarapache.com\/wp-content\/uploads\/2022\/11\/Screenshot-2022-11-20-at-14.51.32.png?resize=300%2C212&amp;ssl=1 300w, https:\/\/i0.wp.com\/clarapache.com\/wp-content\/uploads\/2022\/11\/Screenshot-2022-11-20-at-14.51.32.png?resize=768%2C542&amp;ssl=1 768w, https:\/\/i0.wp.com\/clarapache.com\/wp-content\/uploads\/2022\/11\/Screenshot-2022-11-20-at-14.51.32.png?resize=1536%2C1085&amp;ssl=1 1536w, https:\/\/i0.wp.com\/clarapache.com\/wp-content\/uploads\/2022\/11\/Screenshot-2022-11-20-at-14.51.32.png?resize=2048%2C1447&amp;ssl=1 2048w, https:\/\/i0.wp.com\/clarapache.com\/wp-content\/uploads\/2022\/11\/Screenshot-2022-11-20-at-14.51.32.png?w=1920&amp;ssl=1 1920w\" sizes=\"(max-width: 1000px) 100vw, 1000px\" \/><\/a><\/figure>\n<\/div>\n<\/div>\n\n\n\n<div class=\"wp-block-columns alignwide is-layout-flex wp-container-core-columns-is-layout-28f84493 wp-block-columns-is-layout-flex\">\n<div class=\"wp-block-column is-layout-flow wp-block-column-is-layout-flow\">\n<div class=\"wp-block-cover aligncenter\"><span aria-hidden=\"true\" class=\"wp-block-cover__background has-background-dim\"><\/span><img data-recalc-dims=\"1\" decoding=\"async\" width=\"1024\" height=\"574\" class=\"wp-block-cover__image-background wp-image-439\" alt=\"\" src=\"https:\/\/i0.wp.com\/clarapache.com\/wp-content\/uploads\/2022\/11\/Screenshot-2022-11-20-at-17.18.49.png?resize=1024%2C574&#038;ssl=1\" style=\"object-position:100% 50%\" data-object-fit=\"cover\" data-object-position=\"100% 50%\" srcset=\"https:\/\/i0.wp.com\/clarapache.com\/wp-content\/uploads\/2022\/11\/Screenshot-2022-11-20-at-17.18.49.png?resize=1024%2C574&amp;ssl=1 1024w, https:\/\/i0.wp.com\/clarapache.com\/wp-content\/uploads\/2022\/11\/Screenshot-2022-11-20-at-17.18.49.png?resize=300%2C168&amp;ssl=1 300w, https:\/\/i0.wp.com\/clarapache.com\/wp-content\/uploads\/2022\/11\/Screenshot-2022-11-20-at-17.18.49.png?resize=768%2C430&amp;ssl=1 768w, https:\/\/i0.wp.com\/clarapache.com\/wp-content\/uploads\/2022\/11\/Screenshot-2022-11-20-at-17.18.49.png?resize=1536%2C861&amp;ssl=1 1536w, https:\/\/i0.wp.com\/clarapache.com\/wp-content\/uploads\/2022\/11\/Screenshot-2022-11-20-at-17.18.49.png?resize=2048%2C1148&amp;ssl=1 2048w, https:\/\/i0.wp.com\/clarapache.com\/wp-content\/uploads\/2022\/11\/Screenshot-2022-11-20-at-17.18.49.png?w=1920&amp;ssl=1 1920w\" sizes=\"(max-width: 1000px) 100vw, 1000px\" \/><div class=\"wp-block-cover__inner-container is-layout-flow wp-block-cover-is-layout-flow\">\n<p class=\"has-text-align-center has-base-color has-text-color has-link-color has-heading-font-family has-x-large-font-size wp-elements-d5d0d9bfbde71ed95f3747e12ad00de1\"><a href=\"https:\/\/clarapache.com\/index.php\/portfolio-2\/7020-excalibur\/\" data-type=\"page\" data-id=\"410\"><strong>7020 Excalibur<\/strong><\/a><\/p>\n<\/div><\/div>\n<\/div>\n\n\n\n<div class=\"wp-block-column is-layout-flow wp-block-column-is-layout-flow\">\n<div class=\"wp-block-cover\"><span aria-hidden=\"true\" class=\"wp-block-cover__background has-background-dim\"><\/span><img data-recalc-dims=\"1\" decoding=\"async\" width=\"1920\" height=\"1345\" class=\"wp-block-cover__image-background wp-image-466\" alt=\"\" src=\"https:\/\/i0.wp.com\/clarapache.com\/wp-content\/uploads\/2022\/11\/Screenshot-2022-11-20-at-18.21.58-edited.png?resize=1920%2C1345&#038;ssl=1\" data-object-fit=\"cover\" srcset=\"https:\/\/i0.wp.com\/clarapache.com\/wp-content\/uploads\/2022\/11\/Screenshot-2022-11-20-at-18.21.58-edited.png?w=1920&amp;ssl=1 1920w, https:\/\/i0.wp.com\/clarapache.com\/wp-content\/uploads\/2022\/11\/Screenshot-2022-11-20-at-18.21.58-edited.png?resize=300%2C210&amp;ssl=1 300w, https:\/\/i0.wp.com\/clarapache.com\/wp-content\/uploads\/2022\/11\/Screenshot-2022-11-20-at-18.21.58-edited.png?resize=1024%2C718&amp;ssl=1 1024w, https:\/\/i0.wp.com\/clarapache.com\/wp-content\/uploads\/2022\/11\/Screenshot-2022-11-20-at-18.21.58-edited.png?resize=768%2C538&amp;ssl=1 768w, https:\/\/i0.wp.com\/clarapache.com\/wp-content\/uploads\/2022\/11\/Screenshot-2022-11-20-at-18.21.58-edited.png?resize=1536%2C1076&amp;ssl=1 1536w, https:\/\/i0.wp.com\/clarapache.com\/wp-content\/uploads\/2022\/11\/Screenshot-2022-11-20-at-18.21.58-edited.png?resize=2048%2C1435&amp;ssl=1 2048w\" sizes=\"(max-width: 1000px) 100vw, 1000px\" \/><div class=\"wp-block-cover__inner-container is-layout-flow wp-block-cover-is-layout-flow\">\n<p class=\"has-text-align-center has-base-color has-text-color has-link-color has-heading-font-family has-x-large-font-size wp-elements-b805f1e62f8922c2c84447372165e534\"><a href=\"https:\/\/clarapache.com\/index.php\/portfolio-2\/cad-modelagem\/\" data-type=\"page\" data-id=\"468\"><strong>CAD modelagem<\/strong><\/a><\/p>\n<\/div><\/div>\n<\/div>\n<\/div>\n\n\n\n<div class=\"wp-block-columns alignwide is-layout-flex wp-container-core-columns-is-layout-28f84493 wp-block-columns-is-layout-flex\">\n<div class=\"wp-block-column is-layout-flow wp-block-column-is-layout-flow\">\n<div class=\"wp-block-cover\"><span aria-hidden=\"true\" class=\"wp-block-cover__background has-background-dim\"><\/span><img data-recalc-dims=\"1\" decoding=\"async\" width=\"900\" height=\"900\" class=\"wp-block-cover__image-background wp-image-479\" alt=\"\" src=\"https:\/\/i0.wp.com\/clarapache.com\/wp-content\/uploads\/2022\/11\/coordenado-CM002_CA001.png?resize=900%2C900&#038;ssl=1\" data-object-fit=\"cover\" srcset=\"https:\/\/i0.wp.com\/clarapache.com\/wp-content\/uploads\/2022\/11\/coordenado-CM002_CA001.png?w=900&amp;ssl=1 900w, https:\/\/i0.wp.com\/clarapache.com\/wp-content\/uploads\/2022\/11\/coordenado-CM002_CA001.png?resize=300%2C300&amp;ssl=1 300w, https:\/\/i0.wp.com\/clarapache.com\/wp-content\/uploads\/2022\/11\/coordenado-CM002_CA001.png?resize=150%2C150&amp;ssl=1 150w, https:\/\/i0.wp.com\/clarapache.com\/wp-content\/uploads\/2022\/11\/coordenado-CM002_CA001.png?resize=768%2C768&amp;ssl=1 768w, https:\/\/i0.wp.com\/clarapache.com\/wp-content\/uploads\/2022\/11\/coordenado-CM002_CA001.png?resize=800%2C800&amp;ssl=1 800w, https:\/\/i0.wp.com\/clarapache.com\/wp-content\/uploads\/2022\/11\/coordenado-CM002_CA001.png?resize=50%2C50&amp;ssl=1 50w\" sizes=\"(max-width: 900px) 100vw, 900px\" \/><div class=\"wp-block-cover__inner-container is-layout-flow wp-block-cover-is-layout-flow\">\n<p class=\"has-text-align-center has-base-color has-text-color has-link-color has-heading-font-family has-x-large-font-size wp-elements-70cfcf6df8bd84e13ee27fccbc4ea58c\"><a href=\"https:\/\/clarapache.com\/index.php\/portfolio-2\/clo-3d\/\" data-type=\"page\" data-id=\"474\"><strong>Clo 3D<\/strong><\/a><\/p>\n<\/div><\/div>\n<\/div>\n\n\n\n<div class=\"wp-block-column is-layout-flow wp-block-column-is-layout-flow\">\n<div class=\"wp-block-cover\"><span aria-hidden=\"true\" class=\"wp-block-cover__background has-background-dim\"><\/span><img data-recalc-dims=\"1\" decoding=\"async\" width=\"1024\" height=\"723\" class=\"wp-block-cover__image-background wp-image-500\" alt=\"\" src=\"https:\/\/i0.wp.com\/clarapache.com\/wp-content\/uploads\/2022\/11\/Screenshot-2022-11-20-at-19.04.17.png?resize=1024%2C723&#038;ssl=1\" data-object-fit=\"cover\" srcset=\"https:\/\/i0.wp.com\/clarapache.com\/wp-content\/uploads\/2022\/11\/Screenshot-2022-11-20-at-19.04.17.png?resize=1024%2C723&amp;ssl=1 1024w, https:\/\/i0.wp.com\/clarapache.com\/wp-content\/uploads\/2022\/11\/Screenshot-2022-11-20-at-19.04.17.png?resize=300%2C212&amp;ssl=1 300w, https:\/\/i0.wp.com\/clarapache.com\/wp-content\/uploads\/2022\/11\/Screenshot-2022-11-20-at-19.04.17.png?resize=768%2C542&amp;ssl=1 768w, https:\/\/i0.wp.com\/clarapache.com\/wp-content\/uploads\/2022\/11\/Screenshot-2022-11-20-at-19.04.17.png?resize=1536%2C1085&amp;ssl=1 1536w, https:\/\/i0.wp.com\/clarapache.com\/wp-content\/uploads\/2022\/11\/Screenshot-2022-11-20-at-19.04.17.png?resize=2048%2C1446&amp;ssl=1 2048w, https:\/\/i0.wp.com\/clarapache.com\/wp-content\/uploads\/2022\/11\/Screenshot-2022-11-20-at-19.04.17.png?w=1920&amp;ssl=1 1920w\" sizes=\"(max-width: 1000px) 100vw, 1000px\" \/><div class=\"wp-block-cover__inner-container is-layout-flow wp-block-cover-is-layout-flow\">\n<p class=\"has-text-align-center has-base-color has-text-color has-link-color has-heading-font-family has-x-large-font-size wp-elements-13c63f23217a56be353cea6d90260f0f\"><a href=\"https:\/\/clarapache.com\/index.php\/portfolio-2\/modelario\/\" data-type=\"page\" data-id=\"492\"><strong>Model\u00e1rio<\/strong><\/a><\/p>\n<\/div><\/div>\n<\/div>\n<\/div>\n\n\n\n<div class=\"wp-block-columns alignwide is-layout-flex wp-container-core-columns-is-layout-28f84493 wp-block-columns-is-layout-flex\">\n<div class=\"wp-block-column is-layout-flow wp-block-column-is-layout-flow\">\n<div class=\"wp-block-cover has-base-color has-text-color has-link-color has-x-large-font-size wp-elements-c16d4788fb5254131766d21dac9a4bde\"><span aria-hidden=\"true\" class=\"wp-block-cover__background has-background-dim\"><\/span><img data-recalc-dims=\"1\" decoding=\"async\" width=\"1024\" height=\"589\" class=\"wp-block-cover__image-background wp-image-524\" alt=\"\" src=\"https:\/\/i0.wp.com\/clarapache.com\/wp-content\/uploads\/2022\/11\/Screenshot-2022-11-20-at-19.40.41.png?resize=1024%2C589&#038;ssl=1\" data-object-fit=\"cover\" srcset=\"https:\/\/i0.wp.com\/clarapache.com\/wp-content\/uploads\/2022\/11\/Screenshot-2022-11-20-at-19.40.41.png?resize=1024%2C589&amp;ssl=1 1024w, https:\/\/i0.wp.com\/clarapache.com\/wp-content\/uploads\/2022\/11\/Screenshot-2022-11-20-at-19.40.41.png?resize=300%2C173&amp;ssl=1 300w, https:\/\/i0.wp.com\/clarapache.com\/wp-content\/uploads\/2022\/11\/Screenshot-2022-11-20-at-19.40.41.png?resize=768%2C442&amp;ssl=1 768w, https:\/\/i0.wp.com\/clarapache.com\/wp-content\/uploads\/2022\/11\/Screenshot-2022-11-20-at-19.40.41.png?resize=1536%2C884&amp;ssl=1 1536w, https:\/\/i0.wp.com\/clarapache.com\/wp-content\/uploads\/2022\/11\/Screenshot-2022-11-20-at-19.40.41.png?resize=2048%2C1179&amp;ssl=1 2048w, https:\/\/i0.wp.com\/clarapache.com\/wp-content\/uploads\/2022\/11\/Screenshot-2022-11-20-at-19.40.41.png?w=1920&amp;ssl=1 1920w\" sizes=\"(max-width: 1000px) 100vw, 1000px\" \/><div class=\"wp-block-cover__inner-container is-layout-flow wp-block-cover-is-layout-flow\">\n<p class=\"has-text-align-center has-heading-font-family has-x-large-font-size\"><a href=\"https:\/\/clarapache.com\/index.php\/portfolio-2\/blazer-kahlo\/\" data-type=\"page\" data-id=\"530\"><strong>Blazer Kahlo<\/strong><\/a><\/p>\n<\/div><\/div>\n<\/div>\n\n\n\n<div class=\"wp-block-column is-layout-flow wp-block-column-is-layout-flow\">\n<div class=\"wp-block-cover\"><span aria-hidden=\"true\" class=\"wp-block-cover__background has-background-dim\"><\/span><img data-recalc-dims=\"1\" decoding=\"async\" width=\"1024\" height=\"467\" class=\"wp-block-cover__image-background wp-image-546\" alt=\"\" src=\"https:\/\/i0.wp.com\/clarapache.com\/wp-content\/uploads\/2022\/11\/Screenshot-2022-11-20-at-20.19.54.png?resize=1024%2C467&#038;ssl=1\" data-object-fit=\"cover\" srcset=\"https:\/\/i0.wp.com\/clarapache.com\/wp-content\/uploads\/2022\/11\/Screenshot-2022-11-20-at-20.19.54.png?resize=1024%2C467&amp;ssl=1 1024w, https:\/\/i0.wp.com\/clarapache.com\/wp-content\/uploads\/2022\/11\/Screenshot-2022-11-20-at-20.19.54.png?resize=300%2C137&amp;ssl=1 300w, https:\/\/i0.wp.com\/clarapache.com\/wp-content\/uploads\/2022\/11\/Screenshot-2022-11-20-at-20.19.54.png?resize=768%2C350&amp;ssl=1 768w, https:\/\/i0.wp.com\/clarapache.com\/wp-content\/uploads\/2022\/11\/Screenshot-2022-11-20-at-20.19.54.png?resize=1536%2C700&amp;ssl=1 1536w, https:\/\/i0.wp.com\/clarapache.com\/wp-content\/uploads\/2022\/11\/Screenshot-2022-11-20-at-20.19.54.png?resize=2048%2C933&amp;ssl=1 2048w, https:\/\/i0.wp.com\/clarapache.com\/wp-content\/uploads\/2022\/11\/Screenshot-2022-11-20-at-20.19.54.png?w=1920&amp;ssl=1 1920w\" sizes=\"(max-width: 1000px) 100vw, 1000px\" \/><div class=\"wp-block-cover__inner-container is-layout-flow wp-block-cover-is-layout-flow\">\n<p class=\"has-text-align-center has-base-color has-text-color has-link-color has-heading-font-family has-x-large-font-size wp-elements-28cbca64bd2b8536959e840d6ccca1b9\"><a href=\"https:\/\/clarapache.com\/index.php\/acessorios\/\" data-type=\"page\" data-id=\"548\"><strong>Acess\u00f3rios<\/strong><\/a><\/p>\n<\/div><\/div>\n<\/div>\n<\/div>\n\n\n\n<div class=\"wp-block-columns alignwide is-layout-flex wp-container-core-columns-is-layout-28f84493 wp-block-columns-is-layout-flex\">\n<div class=\"wp-block-column is-layout-flow wp-block-column-is-layout-flow\">\n<div class=\"wp-block-cover\"><span aria-hidden=\"true\" class=\"wp-block-cover__background has-background-dim\"><\/span><img data-recalc-dims=\"1\" decoding=\"async\" width=\"1024\" height=\"727\" class=\"wp-block-cover__image-background wp-image-568\" alt=\"\" src=\"https:\/\/i0.wp.com\/clarapache.com\/wp-content\/uploads\/2022\/12\/C75052AB-954D-4BFE-8B7D-B3D94F0F7B13_1_105_c.jpeg?resize=1024%2C727&#038;ssl=1\" data-object-fit=\"cover\" srcset=\"https:\/\/i0.wp.com\/clarapache.com\/wp-content\/uploads\/2022\/12\/C75052AB-954D-4BFE-8B7D-B3D94F0F7B13_1_105_c.jpeg?resize=1024%2C727&amp;ssl=1 1024w, https:\/\/i0.wp.com\/clarapache.com\/wp-content\/uploads\/2022\/12\/C75052AB-954D-4BFE-8B7D-B3D94F0F7B13_1_105_c.jpeg?resize=300%2C213&amp;ssl=1 300w, https:\/\/i0.wp.com\/clarapache.com\/wp-content\/uploads\/2022\/12\/C75052AB-954D-4BFE-8B7D-B3D94F0F7B13_1_105_c.jpeg?resize=768%2C545&amp;ssl=1 768w, https:\/\/i0.wp.com\/clarapache.com\/wp-content\/uploads\/2022\/12\/C75052AB-954D-4BFE-8B7D-B3D94F0F7B13_1_105_c.jpeg?w=1052&amp;ssl=1 1052w\" sizes=\"(max-width: 1000px) 100vw, 1000px\" \/><div class=\"wp-block-cover__inner-container is-layout-flow wp-block-cover-is-layout-flow\">\n<p class=\"has-text-align-center has-base-color has-text-color has-link-color has-heading-font-family has-x-large-font-size wp-elements-760c599a7d6e09961d429ff9d5298d2c\"><a href=\"https:\/\/clarapache.com\/index.php\/portfolio-2\/concurso-orange-day\/\" data-type=\"page\" data-id=\"566\"><strong>Concurso Orange Day<\/strong><\/a><\/p>\n<\/div><\/div>\n<\/div>\n\n\n\n<div class=\"wp-block-column is-layout-flow wp-block-column-is-layout-flow\">\n<div class=\"wp-block-cover\"><span aria-hidden=\"true\" class=\"wp-block-cover__background has-background-dim\"><\/span><img data-recalc-dims=\"1\" decoding=\"async\" width=\"633\" height=\"633\" class=\"wp-block-cover__image-background wp-image-604\" alt=\"\" src=\"https:\/\/i0.wp.com\/clarapache.com\/wp-content\/uploads\/2023\/02\/301784409_765071481581838_7858761957086157742_n.jpg?resize=633%2C633&#038;ssl=1\" data-object-fit=\"cover\" srcset=\"https:\/\/i0.wp.com\/clarapache.com\/wp-content\/uploads\/2023\/02\/301784409_765071481581838_7858761957086157742_n.jpg?w=633&amp;ssl=1 633w, https:\/\/i0.wp.com\/clarapache.com\/wp-content\/uploads\/2023\/02\/301784409_765071481581838_7858761957086157742_n.jpg?resize=300%2C300&amp;ssl=1 300w, https:\/\/i0.wp.com\/clarapache.com\/wp-content\/uploads\/2023\/02\/301784409_765071481581838_7858761957086157742_n.jpg?resize=150%2C150&amp;ssl=1 150w, https:\/\/i0.wp.com\/clarapache.com\/wp-content\/uploads\/2023\/02\/301784409_765071481581838_7858761957086157742_n.jpg?resize=50%2C50&amp;ssl=1 50w\" sizes=\"(max-width: 633px) 100vw, 633px\" \/><div class=\"wp-block-cover__inner-container is-layout-flow wp-block-cover-is-layout-flow\">\n<p class=\"has-text-align-center has-base-color has-text-color has-link-color has-heading-font-family has-x-large-font-size wp-elements-8a2384873c1e777ca25869894dc6fe2b\"><strong>Curta-metragem <a href=\"https:\/\/clarapache.com\/index.php\/portfolio-2\/aspirina-para-dor-de-cabeca\/\" data-type=\"page\" data-id=\"593\">Aspirina para dor de cabe\u00e7a<\/a><\/strong><\/p>\n<\/div><\/div>\n<\/div>\n<\/div>\n","protected":false},"excerpt":{"rendered":"<p>&#8220;Em cada linha, tecido e cor mergulho na jornada da express\u00e3o, onde moda, arte e figurino se entrela\u00e7am para dar vida a hist\u00f3rias \u00fanicas e inspiradoras.&#8221;<\/p>\n","protected":false},"author":2,"featured_media":0,"parent":0,"menu_order":0,"comment_status":"closed","ping_status":"closed","template":"","meta":{"footnotes":""},"class_list":["post-407","page","type-page","status-publish","hentry"],"jetpack_sharing_enabled":true,"_links":{"self":[{"href":"https:\/\/clarapache.com\/index.php\/wp-json\/wp\/v2\/pages\/407","targetHints":{"allow":["GET"]}}],"collection":[{"href":"https:\/\/clarapache.com\/index.php\/wp-json\/wp\/v2\/pages"}],"about":[{"href":"https:\/\/clarapache.com\/index.php\/wp-json\/wp\/v2\/types\/page"}],"author":[{"embeddable":true,"href":"https:\/\/clarapache.com\/index.php\/wp-json\/wp\/v2\/users\/2"}],"replies":[{"embeddable":true,"href":"https:\/\/clarapache.com\/index.php\/wp-json\/wp\/v2\/comments?post=407"}],"version-history":[{"count":22,"href":"https:\/\/clarapache.com\/index.php\/wp-json\/wp\/v2\/pages\/407\/revisions"}],"predecessor-version":[{"id":676,"href":"https:\/\/clarapache.com\/index.php\/wp-json\/wp\/v2\/pages\/407\/revisions\/676"}],"wp:attachment":[{"href":"https:\/\/clarapache.com\/index.php\/wp-json\/wp\/v2\/media?parent=407"}],"curies":[{"name":"wp","href":"https:\/\/api.w.org\/{rel}","templated":true}]}}