{"id":468,"date":"2022-11-20T18:42:40","date_gmt":"2022-11-20T18:42:40","guid":{"rendered":"https:\/\/clarapache.com\/?page_id=468"},"modified":"2022-11-20T18:44:39","modified_gmt":"2022-11-20T18:44:39","slug":"cad-modelagem","status":"publish","type":"page","link":"https:\/\/clarapache.com\/index.php\/portfolio-2\/cad-modelagem\/","title":{"rendered":"CAD modelagem"},"content":{"rendered":"\n<p>A ideia de interpretar um modelo de pe\u00e7a externa, despertou o interesse de inspira\u00e7\u00e3o em um estilista que sempre teve cria\u00e7\u00f5es que me fascinaram, por isso escolhi uma pe\u00e7a do Alexander Macqueen. <\/p>\n\n\n\n<p>A ideia era fazer uma manga inspirada nas rosas, por\u00e9m com menos volume e ao inv\u00e9s da gola e lapela, o blazer teria um decote em &#8220;V&#8221; liso.<\/p>\n\n\n\n<figure class=\"wp-block-image aligncenter size-large\"><img data-recalc-dims=\"1\" decoding=\"async\" width=\"1024\" height=\"673\" src=\"https:\/\/i0.wp.com\/clarapache.com\/wp-content\/uploads\/2022\/11\/Screenshot-2022-11-20-at-18.21.17.png?resize=1024%2C673&#038;ssl=1\" alt=\"\" class=\"wp-image-464\" srcset=\"https:\/\/i0.wp.com\/clarapache.com\/wp-content\/uploads\/2022\/11\/Screenshot-2022-11-20-at-18.21.17.png?resize=1024%2C673&amp;ssl=1 1024w, https:\/\/i0.wp.com\/clarapache.com\/wp-content\/uploads\/2022\/11\/Screenshot-2022-11-20-at-18.21.17.png?resize=300%2C197&amp;ssl=1 300w, https:\/\/i0.wp.com\/clarapache.com\/wp-content\/uploads\/2022\/11\/Screenshot-2022-11-20-at-18.21.17.png?resize=768%2C505&amp;ssl=1 768w, https:\/\/i0.wp.com\/clarapache.com\/wp-content\/uploads\/2022\/11\/Screenshot-2022-11-20-at-18.21.17.png?resize=1536%2C1009&amp;ssl=1 1536w, https:\/\/i0.wp.com\/clarapache.com\/wp-content\/uploads\/2022\/11\/Screenshot-2022-11-20-at-18.21.17.png?resize=2048%2C1345&amp;ssl=1 2048w, https:\/\/i0.wp.com\/clarapache.com\/wp-content\/uploads\/2022\/11\/Screenshot-2022-11-20-at-18.21.17.png?w=1920&amp;ssl=1 1920w\" sizes=\"(max-width: 1000px) 100vw, 1000px\" \/><figcaption class=\"wp-element-caption\">Pe\u00e7a de inspira\u00e7\u00e3o<\/figcaption><\/figure>\n\n\n\n<figure class=\"wp-block-image aligncenter size-large\"><img data-recalc-dims=\"1\" decoding=\"async\" width=\"1024\" height=\"718\" src=\"https:\/\/i0.wp.com\/clarapache.com\/wp-content\/uploads\/2022\/11\/Screenshot-2022-11-20-at-18.21.34.png?resize=1024%2C718&#038;ssl=1\" alt=\"\" class=\"wp-image-463\" srcset=\"https:\/\/i0.wp.com\/clarapache.com\/wp-content\/uploads\/2022\/11\/Screenshot-2022-11-20-at-18.21.34.png?resize=1024%2C718&amp;ssl=1 1024w, https:\/\/i0.wp.com\/clarapache.com\/wp-content\/uploads\/2022\/11\/Screenshot-2022-11-20-at-18.21.34.png?resize=300%2C210&amp;ssl=1 300w, https:\/\/i0.wp.com\/clarapache.com\/wp-content\/uploads\/2022\/11\/Screenshot-2022-11-20-at-18.21.34.png?resize=768%2C538&amp;ssl=1 768w, https:\/\/i0.wp.com\/clarapache.com\/wp-content\/uploads\/2022\/11\/Screenshot-2022-11-20-at-18.21.34.png?resize=1536%2C1076&amp;ssl=1 1536w, https:\/\/i0.wp.com\/clarapache.com\/wp-content\/uploads\/2022\/11\/Screenshot-2022-11-20-at-18.21.34.png?resize=2048%2C1435&amp;ssl=1 2048w, https:\/\/i0.wp.com\/clarapache.com\/wp-content\/uploads\/2022\/11\/Screenshot-2022-11-20-at-18.21.34.png?w=1920&amp;ssl=1 1920w\" sizes=\"(max-width: 1000px) 100vw, 1000px\" \/><figcaption class=\"wp-element-caption\">desenho t\u00e9cnico com breve descri\u00e7\u00e3o<\/figcaption><\/figure>\n\n\n\n<figure class=\"wp-block-image aligncenter size-large\"><img data-recalc-dims=\"1\" decoding=\"async\" width=\"1024\" height=\"717\" src=\"https:\/\/i0.wp.com\/clarapache.com\/wp-content\/uploads\/2022\/11\/Screenshot-2022-11-20-at-18.21.58.png?resize=1024%2C717&#038;ssl=1\" alt=\"\" class=\"wp-image-462\" srcset=\"https:\/\/i0.wp.com\/clarapache.com\/wp-content\/uploads\/2022\/11\/Screenshot-2022-11-20-at-18.21.58.png?resize=1024%2C717&amp;ssl=1 1024w, https:\/\/i0.wp.com\/clarapache.com\/wp-content\/uploads\/2022\/11\/Screenshot-2022-11-20-at-18.21.58.png?resize=300%2C210&amp;ssl=1 300w, https:\/\/i0.wp.com\/clarapache.com\/wp-content\/uploads\/2022\/11\/Screenshot-2022-11-20-at-18.21.58.png?resize=768%2C538&amp;ssl=1 768w, https:\/\/i0.wp.com\/clarapache.com\/wp-content\/uploads\/2022\/11\/Screenshot-2022-11-20-at-18.21.58.png?resize=1536%2C1076&amp;ssl=1 1536w, https:\/\/i0.wp.com\/clarapache.com\/wp-content\/uploads\/2022\/11\/Screenshot-2022-11-20-at-18.21.58.png?resize=2048%2C1435&amp;ssl=1 2048w, https:\/\/i0.wp.com\/clarapache.com\/wp-content\/uploads\/2022\/11\/Screenshot-2022-11-20-at-18.21.58.png?w=1920&amp;ssl=1 1920w\" sizes=\"(max-width: 1000px) 100vw, 1000px\" \/><figcaption class=\"wp-element-caption\">desenho t\u00e9cnico com acess\u00f3rio<\/figcaption><\/figure>\n\n\n\n<figure class=\"wp-block-image aligncenter size-large\"><img data-recalc-dims=\"1\" decoding=\"async\" width=\"1024\" height=\"721\" src=\"https:\/\/i0.wp.com\/clarapache.com\/wp-content\/uploads\/2022\/11\/Screenshot-2022-11-20-at-18.22.11.png?resize=1024%2C721&#038;ssl=1\" alt=\"\" class=\"wp-image-461\" srcset=\"https:\/\/i0.wp.com\/clarapache.com\/wp-content\/uploads\/2022\/11\/Screenshot-2022-11-20-at-18.22.11.png?resize=1024%2C721&amp;ssl=1 1024w, https:\/\/i0.wp.com\/clarapache.com\/wp-content\/uploads\/2022\/11\/Screenshot-2022-11-20-at-18.22.11.png?resize=300%2C211&amp;ssl=1 300w, https:\/\/i0.wp.com\/clarapache.com\/wp-content\/uploads\/2022\/11\/Screenshot-2022-11-20-at-18.22.11.png?resize=768%2C541&amp;ssl=1 768w, https:\/\/i0.wp.com\/clarapache.com\/wp-content\/uploads\/2022\/11\/Screenshot-2022-11-20-at-18.22.11.png?resize=1536%2C1082&amp;ssl=1 1536w, https:\/\/i0.wp.com\/clarapache.com\/wp-content\/uploads\/2022\/11\/Screenshot-2022-11-20-at-18.22.11.png?resize=2048%2C1443&amp;ssl=1 2048w, https:\/\/i0.wp.com\/clarapache.com\/wp-content\/uploads\/2022\/11\/Screenshot-2022-11-20-at-18.22.11.png?w=1920&amp;ssl=1 1920w\" sizes=\"(max-width: 1000px) 100vw, 1000px\" \/><figcaption class=\"wp-element-caption\">Estudos para constru\u00e7\u00e3o de manga<\/figcaption><\/figure>\n\n\n\n<figure class=\"wp-block-image aligncenter size-large\"><img data-recalc-dims=\"1\" decoding=\"async\" width=\"1024\" height=\"721\" src=\"https:\/\/i0.wp.com\/clarapache.com\/wp-content\/uploads\/2022\/11\/Screenshot-2022-11-20-at-18.22.27.png?resize=1024%2C721&#038;ssl=1\" alt=\"\" class=\"wp-image-460\" srcset=\"https:\/\/i0.wp.com\/clarapache.com\/wp-content\/uploads\/2022\/11\/Screenshot-2022-11-20-at-18.22.27.png?resize=1024%2C721&amp;ssl=1 1024w, https:\/\/i0.wp.com\/clarapache.com\/wp-content\/uploads\/2022\/11\/Screenshot-2022-11-20-at-18.22.27.png?resize=300%2C211&amp;ssl=1 300w, https:\/\/i0.wp.com\/clarapache.com\/wp-content\/uploads\/2022\/11\/Screenshot-2022-11-20-at-18.22.27.png?resize=768%2C540&amp;ssl=1 768w, https:\/\/i0.wp.com\/clarapache.com\/wp-content\/uploads\/2022\/11\/Screenshot-2022-11-20-at-18.22.27.png?resize=1536%2C1081&amp;ssl=1 1536w, https:\/\/i0.wp.com\/clarapache.com\/wp-content\/uploads\/2022\/11\/Screenshot-2022-11-20-at-18.22.27.png?resize=2048%2C1441&amp;ssl=1 2048w, https:\/\/i0.wp.com\/clarapache.com\/wp-content\/uploads\/2022\/11\/Screenshot-2022-11-20-at-18.22.27.png?w=1920&amp;ssl=1 1920w\" sizes=\"(max-width: 1000px) 100vw, 1000px\" \/><figcaption class=\"wp-element-caption\">estudo em CAD<\/figcaption><\/figure>\n\n\n\n<figure class=\"wp-block-image aligncenter size-large\"><img data-recalc-dims=\"1\" decoding=\"async\" width=\"1024\" height=\"712\" src=\"https:\/\/i0.wp.com\/clarapache.com\/wp-content\/uploads\/2022\/11\/Screenshot-2022-11-20-at-18.22.52-edited-1024x712.png?resize=1024%2C712&#038;ssl=1\" alt=\"\" class=\"wp-image-465\" srcset=\"https:\/\/i0.wp.com\/clarapache.com\/wp-content\/uploads\/2022\/11\/Screenshot-2022-11-20-at-18.22.52-edited.png?resize=1024%2C712&amp;ssl=1 1024w, https:\/\/i0.wp.com\/clarapache.com\/wp-content\/uploads\/2022\/11\/Screenshot-2022-11-20-at-18.22.52-edited.png?resize=300%2C209&amp;ssl=1 300w, https:\/\/i0.wp.com\/clarapache.com\/wp-content\/uploads\/2022\/11\/Screenshot-2022-11-20-at-18.22.52-edited.png?resize=768%2C534&amp;ssl=1 768w, https:\/\/i0.wp.com\/clarapache.com\/wp-content\/uploads\/2022\/11\/Screenshot-2022-11-20-at-18.22.52-edited.png?w=1411&amp;ssl=1 1411w\" sizes=\"(max-width: 1000px) 100vw, 1000px\" \/><figcaption class=\"wp-element-caption\">draping de pe\u00e7a<\/figcaption><\/figure>\n","protected":false},"excerpt":{"rendered":"<p>A ideia de interpretar um modelo de pe\u00e7a externa, despertou o interesse de inspira\u00e7\u00e3o em um estilista que sempre teve cria\u00e7\u00f5es que me fascinaram, por isso escolhi uma pe\u00e7a do Alexander Macqueen. A ideia era fazer uma manga inspirada nas rosas, por\u00e9m com menos volume e ao inv\u00e9s da gola e lapela, o blazer teria [&hellip;]<\/p>\n","protected":false},"author":2,"featured_media":0,"parent":407,"menu_order":0,"comment_status":"closed","ping_status":"closed","template":"","meta":{"footnotes":""},"class_list":["post-468","page","type-page","status-publish","hentry"],"jetpack_sharing_enabled":true,"_links":{"self":[{"href":"https:\/\/clarapache.com\/index.php\/wp-json\/wp\/v2\/pages\/468","targetHints":{"allow":["GET"]}}],"collection":[{"href":"https:\/\/clarapache.com\/index.php\/wp-json\/wp\/v2\/pages"}],"about":[{"href":"https:\/\/clarapache.com\/index.php\/wp-json\/wp\/v2\/types\/page"}],"author":[{"embeddable":true,"href":"https:\/\/clarapache.com\/index.php\/wp-json\/wp\/v2\/users\/2"}],"replies":[{"embeddable":true,"href":"https:\/\/clarapache.com\/index.php\/wp-json\/wp\/v2\/comments?post=468"}],"version-history":[{"count":3,"href":"https:\/\/clarapache.com\/index.php\/wp-json\/wp\/v2\/pages\/468\/revisions"}],"predecessor-version":[{"id":473,"href":"https:\/\/clarapache.com\/index.php\/wp-json\/wp\/v2\/pages\/468\/revisions\/473"}],"up":[{"embeddable":true,"href":"https:\/\/clarapache.com\/index.php\/wp-json\/wp\/v2\/pages\/407"}],"wp:attachment":[{"href":"https:\/\/clarapache.com\/index.php\/wp-json\/wp\/v2\/media?parent=468"}],"curies":[{"name":"wp","href":"https:\/\/api.w.org\/{rel}","templated":true}]}}