{"id":474,"date":"2022-11-20T18:54:51","date_gmt":"2022-11-20T18:54:51","guid":{"rendered":"https:\/\/clarapache.com\/?page_id=474"},"modified":"2022-11-20T18:59:08","modified_gmt":"2022-11-20T18:59:08","slug":"clo-3d","status":"publish","type":"page","link":"https:\/\/clarapache.com\/index.php\/portfolio-2\/clo-3d\/","title":{"rendered":"Clo 3D"},"content":{"rendered":"\n<p>Projeto de uma cole\u00e7\u00e3o capsula em 3D no software Clo3D, com dois tops, uma cal\u00e7a e um blazer inspirados na cole\u00e7\u00e3o c\u00e1psula &#8220;KAHLO, perfei\u00e7\u00e3o imperfeita&#8221;.<\/p>\n\n\n\n<figure class=\"wp-block-image aligncenter size-full\"><img data-recalc-dims=\"1\" decoding=\"async\" width=\"900\" height=\"900\" src=\"https:\/\/i0.wp.com\/clarapache.com\/wp-content\/uploads\/2022\/11\/coordenado-CM002_CA001.png?resize=900%2C900&#038;ssl=1\" alt=\"\" class=\"wp-image-479\" srcset=\"https:\/\/i0.wp.com\/clarapache.com\/wp-content\/uploads\/2022\/11\/coordenado-CM002_CA001.png?w=900&amp;ssl=1 900w, https:\/\/i0.wp.com\/clarapache.com\/wp-content\/uploads\/2022\/11\/coordenado-CM002_CA001.png?resize=300%2C300&amp;ssl=1 300w, https:\/\/i0.wp.com\/clarapache.com\/wp-content\/uploads\/2022\/11\/coordenado-CM002_CA001.png?resize=150%2C150&amp;ssl=1 150w, https:\/\/i0.wp.com\/clarapache.com\/wp-content\/uploads\/2022\/11\/coordenado-CM002_CA001.png?resize=768%2C768&amp;ssl=1 768w, https:\/\/i0.wp.com\/clarapache.com\/wp-content\/uploads\/2022\/11\/coordenado-CM002_CA001.png?resize=800%2C800&amp;ssl=1 800w, https:\/\/i0.wp.com\/clarapache.com\/wp-content\/uploads\/2022\/11\/coordenado-CM002_CA001.png?resize=50%2C50&amp;ssl=1 50w\" sizes=\"(max-width: 900px) 100vw, 900px\" \/><figcaption class=\"wp-element-caption\">Coordenado <\/figcaption><\/figure>\n\n\n\n<figure class=\"wp-block-image aligncenter size-full\"><img data-recalc-dims=\"1\" decoding=\"async\" width=\"900\" height=\"900\" src=\"https:\/\/i0.wp.com\/clarapache.com\/wp-content\/uploads\/2022\/11\/Top_CM001.png?resize=900%2C900&#038;ssl=1\" alt=\"\" class=\"wp-image-477\" srcset=\"https:\/\/i0.wp.com\/clarapache.com\/wp-content\/uploads\/2022\/11\/Top_CM001.png?w=900&amp;ssl=1 900w, https:\/\/i0.wp.com\/clarapache.com\/wp-content\/uploads\/2022\/11\/Top_CM001.png?resize=300%2C300&amp;ssl=1 300w, https:\/\/i0.wp.com\/clarapache.com\/wp-content\/uploads\/2022\/11\/Top_CM001.png?resize=150%2C150&amp;ssl=1 150w, https:\/\/i0.wp.com\/clarapache.com\/wp-content\/uploads\/2022\/11\/Top_CM001.png?resize=768%2C768&amp;ssl=1 768w, https:\/\/i0.wp.com\/clarapache.com\/wp-content\/uploads\/2022\/11\/Top_CM001.png?resize=800%2C800&amp;ssl=1 800w, https:\/\/i0.wp.com\/clarapache.com\/wp-content\/uploads\/2022\/11\/Top_CM001.png?resize=50%2C50&amp;ssl=1 50w\" sizes=\"(max-width: 900px) 100vw, 900px\" \/><figcaption class=\"wp-element-caption\">top com corte evas\u00ea em vi\u00e9s em crepe, fita de organza no decote e al\u00e7as em cetim &#8220;dourado&#8221;<\/figcaption><\/figure>\n\n\n\n<figure class=\"wp-block-image aligncenter size-large\"><img data-recalc-dims=\"1\" decoding=\"async\" width=\"1024\" height=\"721\" src=\"https:\/\/i0.wp.com\/clarapache.com\/wp-content\/uploads\/2022\/11\/Screenshot-2022-11-20-at-18.55.52.png?resize=1024%2C721&#038;ssl=1\" alt=\"\" class=\"wp-image-487\" srcset=\"https:\/\/i0.wp.com\/clarapache.com\/wp-content\/uploads\/2022\/11\/Screenshot-2022-11-20-at-18.55.52.png?resize=1024%2C721&amp;ssl=1 1024w, https:\/\/i0.wp.com\/clarapache.com\/wp-content\/uploads\/2022\/11\/Screenshot-2022-11-20-at-18.55.52.png?resize=300%2C211&amp;ssl=1 300w, https:\/\/i0.wp.com\/clarapache.com\/wp-content\/uploads\/2022\/11\/Screenshot-2022-11-20-at-18.55.52.png?resize=768%2C541&amp;ssl=1 768w, https:\/\/i0.wp.com\/clarapache.com\/wp-content\/uploads\/2022\/11\/Screenshot-2022-11-20-at-18.55.52.png?resize=1536%2C1081&amp;ssl=1 1536w, https:\/\/i0.wp.com\/clarapache.com\/wp-content\/uploads\/2022\/11\/Screenshot-2022-11-20-at-18.55.52.png?resize=2048%2C1442&amp;ssl=1 2048w, https:\/\/i0.wp.com\/clarapache.com\/wp-content\/uploads\/2022\/11\/Screenshot-2022-11-20-at-18.55.52.png?w=1920&amp;ssl=1 1920w\" sizes=\"(max-width: 1000px) 100vw, 1000px\" \/><\/figure>\n\n\n\n<figure class=\"wp-block-image aligncenter size-full\"><img data-recalc-dims=\"1\" decoding=\"async\" width=\"900\" height=\"900\" src=\"https:\/\/i0.wp.com\/clarapache.com\/wp-content\/uploads\/2022\/11\/Top_CM002.png?resize=900%2C900&#038;ssl=1\" alt=\"\" class=\"wp-image-475\" srcset=\"https:\/\/i0.wp.com\/clarapache.com\/wp-content\/uploads\/2022\/11\/Top_CM002.png?w=900&amp;ssl=1 900w, https:\/\/i0.wp.com\/clarapache.com\/wp-content\/uploads\/2022\/11\/Top_CM002.png?resize=300%2C300&amp;ssl=1 300w, https:\/\/i0.wp.com\/clarapache.com\/wp-content\/uploads\/2022\/11\/Top_CM002.png?resize=150%2C150&amp;ssl=1 150w, https:\/\/i0.wp.com\/clarapache.com\/wp-content\/uploads\/2022\/11\/Top_CM002.png?resize=768%2C768&amp;ssl=1 768w, https:\/\/i0.wp.com\/clarapache.com\/wp-content\/uploads\/2022\/11\/Top_CM002.png?resize=800%2C800&amp;ssl=1 800w, https:\/\/i0.wp.com\/clarapache.com\/wp-content\/uploads\/2022\/11\/Top_CM002.png?resize=50%2C50&amp;ssl=1 50w\" sizes=\"(max-width: 900px) 100vw, 900px\" \/><figcaption class=\"wp-element-caption\">top cropped em crepe e mangas em organza<\/figcaption><\/figure>\n\n\n\n<figure class=\"wp-block-image aligncenter size-large\"><img data-recalc-dims=\"1\" decoding=\"async\" width=\"1024\" height=\"722\" src=\"https:\/\/i0.wp.com\/clarapache.com\/wp-content\/uploads\/2022\/11\/Screenshot-2022-11-20-at-18.56.07.png?resize=1024%2C722&#038;ssl=1\" alt=\"\" class=\"wp-image-486\" srcset=\"https:\/\/i0.wp.com\/clarapache.com\/wp-content\/uploads\/2022\/11\/Screenshot-2022-11-20-at-18.56.07.png?resize=1024%2C722&amp;ssl=1 1024w, https:\/\/i0.wp.com\/clarapache.com\/wp-content\/uploads\/2022\/11\/Screenshot-2022-11-20-at-18.56.07.png?resize=300%2C212&amp;ssl=1 300w, https:\/\/i0.wp.com\/clarapache.com\/wp-content\/uploads\/2022\/11\/Screenshot-2022-11-20-at-18.56.07.png?resize=768%2C542&amp;ssl=1 768w, https:\/\/i0.wp.com\/clarapache.com\/wp-content\/uploads\/2022\/11\/Screenshot-2022-11-20-at-18.56.07.png?resize=1536%2C1083&amp;ssl=1 1536w, https:\/\/i0.wp.com\/clarapache.com\/wp-content\/uploads\/2022\/11\/Screenshot-2022-11-20-at-18.56.07.png?resize=2048%2C1445&amp;ssl=1 2048w, https:\/\/i0.wp.com\/clarapache.com\/wp-content\/uploads\/2022\/11\/Screenshot-2022-11-20-at-18.56.07.png?w=1920&amp;ssl=1 1920w\" sizes=\"(max-width: 1000px) 100vw, 1000px\" \/><\/figure>\n\n\n\n<figure class=\"wp-block-image aligncenter size-full\"><img data-recalc-dims=\"1\" decoding=\"async\" width=\"900\" height=\"900\" src=\"https:\/\/i0.wp.com\/clarapache.com\/wp-content\/uploads\/2022\/11\/Calca_CA001.png?resize=900%2C900&#038;ssl=1\" alt=\"\" class=\"wp-image-478\" srcset=\"https:\/\/i0.wp.com\/clarapache.com\/wp-content\/uploads\/2022\/11\/Calca_CA001.png?w=900&amp;ssl=1 900w, https:\/\/i0.wp.com\/clarapache.com\/wp-content\/uploads\/2022\/11\/Calca_CA001.png?resize=300%2C300&amp;ssl=1 300w, https:\/\/i0.wp.com\/clarapache.com\/wp-content\/uploads\/2022\/11\/Calca_CA001.png?resize=150%2C150&amp;ssl=1 150w, https:\/\/i0.wp.com\/clarapache.com\/wp-content\/uploads\/2022\/11\/Calca_CA001.png?resize=768%2C768&amp;ssl=1 768w, https:\/\/i0.wp.com\/clarapache.com\/wp-content\/uploads\/2022\/11\/Calca_CA001.png?resize=800%2C800&amp;ssl=1 800w, https:\/\/i0.wp.com\/clarapache.com\/wp-content\/uploads\/2022\/11\/Calca_CA001.png?resize=50%2C50&amp;ssl=1 50w\" sizes=\"(max-width: 900px) 100vw, 900px\" \/><figcaption class=\"wp-element-caption\">cal\u00e7a em sarja com tiras em estampa digital e c\u00f3s com bot\u00f5es grandes forrados<\/figcaption><\/figure>\n\n\n\n<figure class=\"wp-block-image aligncenter size-large\"><img data-recalc-dims=\"1\" decoding=\"async\" width=\"1024\" height=\"719\" src=\"https:\/\/i0.wp.com\/clarapache.com\/wp-content\/uploads\/2022\/11\/Screenshot-2022-11-20-at-18.56.20.png?resize=1024%2C719&#038;ssl=1\" alt=\"\" class=\"wp-image-485\" srcset=\"https:\/\/i0.wp.com\/clarapache.com\/wp-content\/uploads\/2022\/11\/Screenshot-2022-11-20-at-18.56.20.png?resize=1024%2C719&amp;ssl=1 1024w, https:\/\/i0.wp.com\/clarapache.com\/wp-content\/uploads\/2022\/11\/Screenshot-2022-11-20-at-18.56.20.png?resize=300%2C211&amp;ssl=1 300w, https:\/\/i0.wp.com\/clarapache.com\/wp-content\/uploads\/2022\/11\/Screenshot-2022-11-20-at-18.56.20.png?resize=768%2C540&amp;ssl=1 768w, https:\/\/i0.wp.com\/clarapache.com\/wp-content\/uploads\/2022\/11\/Screenshot-2022-11-20-at-18.56.20.png?resize=1536%2C1079&amp;ssl=1 1536w, https:\/\/i0.wp.com\/clarapache.com\/wp-content\/uploads\/2022\/11\/Screenshot-2022-11-20-at-18.56.20.png?resize=2048%2C1439&amp;ssl=1 2048w, https:\/\/i0.wp.com\/clarapache.com\/wp-content\/uploads\/2022\/11\/Screenshot-2022-11-20-at-18.56.20.png?w=1920&amp;ssl=1 1920w\" sizes=\"(max-width: 1000px) 100vw, 1000px\" \/><\/figure>\n\n\n\n<figure class=\"wp-block-image aligncenter size-full\"><img data-recalc-dims=\"1\" decoding=\"async\" width=\"900\" height=\"900\" src=\"https:\/\/i0.wp.com\/clarapache.com\/wp-content\/uploads\/2022\/11\/Blazer_BL001.png?resize=900%2C900&#038;ssl=1\" alt=\"\" class=\"wp-image-476\" srcset=\"https:\/\/i0.wp.com\/clarapache.com\/wp-content\/uploads\/2022\/11\/Blazer_BL001.png?w=900&amp;ssl=1 900w, https:\/\/i0.wp.com\/clarapache.com\/wp-content\/uploads\/2022\/11\/Blazer_BL001.png?resize=300%2C300&amp;ssl=1 300w, https:\/\/i0.wp.com\/clarapache.com\/wp-content\/uploads\/2022\/11\/Blazer_BL001.png?resize=150%2C150&amp;ssl=1 150w, https:\/\/i0.wp.com\/clarapache.com\/wp-content\/uploads\/2022\/11\/Blazer_BL001.png?resize=768%2C768&amp;ssl=1 768w, https:\/\/i0.wp.com\/clarapache.com\/wp-content\/uploads\/2022\/11\/Blazer_BL001.png?resize=800%2C800&amp;ssl=1 800w, https:\/\/i0.wp.com\/clarapache.com\/wp-content\/uploads\/2022\/11\/Blazer_BL001.png?resize=50%2C50&amp;ssl=1 50w\" sizes=\"(max-width: 900px) 100vw, 900px\" \/><figcaption class=\"wp-element-caption\">blazer com corpo em cetim (2 cores), fitas de vivo &#8220;dourado&#8221; em recorte, mangas bufantes em organza com punhos em cetim e faixa de cetim para cintura.<\/figcaption><\/figure>\n\n\n\n<figure class=\"wp-block-image aligncenter size-large\"><img data-recalc-dims=\"1\" decoding=\"async\" width=\"1024\" height=\"723\" src=\"https:\/\/i0.wp.com\/clarapache.com\/wp-content\/uploads\/2022\/11\/Screenshot-2022-11-20-at-18.56.33.png?resize=1024%2C723&#038;ssl=1\" alt=\"\" class=\"wp-image-484\" srcset=\"https:\/\/i0.wp.com\/clarapache.com\/wp-content\/uploads\/2022\/11\/Screenshot-2022-11-20-at-18.56.33.png?resize=1024%2C723&amp;ssl=1 1024w, https:\/\/i0.wp.com\/clarapache.com\/wp-content\/uploads\/2022\/11\/Screenshot-2022-11-20-at-18.56.33.png?resize=300%2C212&amp;ssl=1 300w, https:\/\/i0.wp.com\/clarapache.com\/wp-content\/uploads\/2022\/11\/Screenshot-2022-11-20-at-18.56.33.png?resize=768%2C542&amp;ssl=1 768w, https:\/\/i0.wp.com\/clarapache.com\/wp-content\/uploads\/2022\/11\/Screenshot-2022-11-20-at-18.56.33.png?resize=1536%2C1084&amp;ssl=1 1536w, https:\/\/i0.wp.com\/clarapache.com\/wp-content\/uploads\/2022\/11\/Screenshot-2022-11-20-at-18.56.33.png?resize=2048%2C1445&amp;ssl=1 2048w\" sizes=\"(max-width: 1000px) 100vw, 1000px\" \/><\/figure>\n\n\n\n<p><\/p>\n","protected":false},"excerpt":{"rendered":"<p>Projeto de uma cole\u00e7\u00e3o capsula em 3D no software Clo3D, com dois tops, uma cal\u00e7a e um blazer inspirados na cole\u00e7\u00e3o c\u00e1psula &#8220;KAHLO, perfei\u00e7\u00e3o imperfeita&#8221;.<\/p>\n","protected":false},"author":2,"featured_media":0,"parent":407,"menu_order":0,"comment_status":"closed","ping_status":"closed","template":"","meta":{"footnotes":""},"class_list":["post-474","page","type-page","status-publish","hentry"],"jetpack_sharing_enabled":true,"_links":{"self":[{"href":"https:\/\/clarapache.com\/index.php\/wp-json\/wp\/v2\/pages\/474","targetHints":{"allow":["GET"]}}],"collection":[{"href":"https:\/\/clarapache.com\/index.php\/wp-json\/wp\/v2\/pages"}],"about":[{"href":"https:\/\/clarapache.com\/index.php\/wp-json\/wp\/v2\/types\/page"}],"author":[{"embeddable":true,"href":"https:\/\/clarapache.com\/index.php\/wp-json\/wp\/v2\/users\/2"}],"replies":[{"embeddable":true,"href":"https:\/\/clarapache.com\/index.php\/wp-json\/wp\/v2\/comments?post=474"}],"version-history":[{"count":5,"href":"https:\/\/clarapache.com\/index.php\/wp-json\/wp\/v2\/pages\/474\/revisions"}],"predecessor-version":[{"id":490,"href":"https:\/\/clarapache.com\/index.php\/wp-json\/wp\/v2\/pages\/474\/revisions\/490"}],"up":[{"embeddable":true,"href":"https:\/\/clarapache.com\/index.php\/wp-json\/wp\/v2\/pages\/407"}],"wp:attachment":[{"href":"https:\/\/clarapache.com\/index.php\/wp-json\/wp\/v2\/media?parent=474"}],"curies":[{"name":"wp","href":"https:\/\/api.w.org\/{rel}","templated":true}]}}