{"id":492,"date":"2022-11-20T19:33:56","date_gmt":"2022-11-20T19:33:56","guid":{"rendered":"https:\/\/clarapache.com\/?page_id=492"},"modified":"2022-11-20T19:34:21","modified_gmt":"2022-11-20T19:34:21","slug":"modelario","status":"publish","type":"page","link":"https:\/\/clarapache.com\/index.php\/portfolio-2\/modelario\/","title":{"rendered":"Model\u00e1rio"},"content":{"rendered":"\n<p>Os model\u00e1rios s\u00e3o como dossiers que acompanham a cole\u00e7\u00e3o de uma empresa, quando apresentada<br>aos cliente, principalmente em feiras e eventos nacionais ou internacionais. Eles devem ser conter os modelos desenhados, tal como croquis ou desenhos t\u00e9cnicos, cartazes de tecidos e varia\u00e7\u00f5es de cores, tamanhos e tabelas de medidas, com a identifica\u00e7\u00e3o de cada pe\u00e7a, para a cole\u00e7\u00e3o que esta a ser vendida. \u00c9 normalmente dividido em se\u00e7\u00f5es ou linhas produtos. J\u00e1 o pre\u00e7\u00e1rio pode ser entregue a parte.<\/p>\n\n\n\n<p>A seguir est\u00e3o alguns dos modelos deste model\u00e1rio.<br><\/p>\n\n\n\n<figure class=\"wp-block-image aligncenter size-large\"><img data-recalc-dims=\"1\" decoding=\"async\" width=\"1024\" height=\"724\" src=\"https:\/\/i0.wp.com\/clarapache.com\/wp-content\/uploads\/2022\/11\/Screenshot-2022-11-20-at-19.01.47.png?resize=1024%2C724&#038;ssl=1\" alt=\"\" class=\"wp-image-493\" srcset=\"https:\/\/i0.wp.com\/clarapache.com\/wp-content\/uploads\/2022\/11\/Screenshot-2022-11-20-at-19.01.47.png?resize=1024%2C724&amp;ssl=1 1024w, https:\/\/i0.wp.com\/clarapache.com\/wp-content\/uploads\/2022\/11\/Screenshot-2022-11-20-at-19.01.47.png?resize=300%2C212&amp;ssl=1 300w, https:\/\/i0.wp.com\/clarapache.com\/wp-content\/uploads\/2022\/11\/Screenshot-2022-11-20-at-19.01.47.png?resize=768%2C543&amp;ssl=1 768w, https:\/\/i0.wp.com\/clarapache.com\/wp-content\/uploads\/2022\/11\/Screenshot-2022-11-20-at-19.01.47.png?resize=1536%2C1086&amp;ssl=1 1536w, https:\/\/i0.wp.com\/clarapache.com\/wp-content\/uploads\/2022\/11\/Screenshot-2022-11-20-at-19.01.47.png?resize=2048%2C1448&amp;ssl=1 2048w, https:\/\/i0.wp.com\/clarapache.com\/wp-content\/uploads\/2022\/11\/Screenshot-2022-11-20-at-19.01.47.png?w=1920&amp;ssl=1 1920w\" sizes=\"(max-width: 1000px) 100vw, 1000px\" \/><\/figure>\n\n\n\n<figure class=\"wp-block-image aligncenter size-large\"><img data-recalc-dims=\"1\" decoding=\"async\" width=\"1024\" height=\"723\" src=\"https:\/\/i0.wp.com\/clarapache.com\/wp-content\/uploads\/2022\/11\/Screenshot-2022-11-20-at-19.01.59.png?resize=1024%2C723&#038;ssl=1\" alt=\"\" class=\"wp-image-494\" srcset=\"https:\/\/i0.wp.com\/clarapache.com\/wp-content\/uploads\/2022\/11\/Screenshot-2022-11-20-at-19.01.59.png?resize=1024%2C723&amp;ssl=1 1024w, https:\/\/i0.wp.com\/clarapache.com\/wp-content\/uploads\/2022\/11\/Screenshot-2022-11-20-at-19.01.59.png?resize=300%2C212&amp;ssl=1 300w, https:\/\/i0.wp.com\/clarapache.com\/wp-content\/uploads\/2022\/11\/Screenshot-2022-11-20-at-19.01.59.png?resize=768%2C542&amp;ssl=1 768w, https:\/\/i0.wp.com\/clarapache.com\/wp-content\/uploads\/2022\/11\/Screenshot-2022-11-20-at-19.01.59.png?resize=1536%2C1085&amp;ssl=1 1536w, https:\/\/i0.wp.com\/clarapache.com\/wp-content\/uploads\/2022\/11\/Screenshot-2022-11-20-at-19.01.59.png?resize=2048%2C1446&amp;ssl=1 2048w, https:\/\/i0.wp.com\/clarapache.com\/wp-content\/uploads\/2022\/11\/Screenshot-2022-11-20-at-19.01.59.png?w=1920&amp;ssl=1 1920w\" sizes=\"(max-width: 1000px) 100vw, 1000px\" \/><\/figure>\n\n\n\n<figure class=\"wp-block-image aligncenter size-large\"><img data-recalc-dims=\"1\" decoding=\"async\" width=\"1024\" height=\"724\" src=\"https:\/\/i0.wp.com\/clarapache.com\/wp-content\/uploads\/2022\/11\/Screenshot-2022-11-20-at-19.02.12.png?resize=1024%2C724&#038;ssl=1\" alt=\"\" class=\"wp-image-495\" srcset=\"https:\/\/i0.wp.com\/clarapache.com\/wp-content\/uploads\/2022\/11\/Screenshot-2022-11-20-at-19.02.12.png?resize=1024%2C724&amp;ssl=1 1024w, https:\/\/i0.wp.com\/clarapache.com\/wp-content\/uploads\/2022\/11\/Screenshot-2022-11-20-at-19.02.12.png?resize=300%2C212&amp;ssl=1 300w, https:\/\/i0.wp.com\/clarapache.com\/wp-content\/uploads\/2022\/11\/Screenshot-2022-11-20-at-19.02.12.png?resize=768%2C543&amp;ssl=1 768w, https:\/\/i0.wp.com\/clarapache.com\/wp-content\/uploads\/2022\/11\/Screenshot-2022-11-20-at-19.02.12.png?resize=1536%2C1086&amp;ssl=1 1536w, https:\/\/i0.wp.com\/clarapache.com\/wp-content\/uploads\/2022\/11\/Screenshot-2022-11-20-at-19.02.12.png?resize=2048%2C1449&amp;ssl=1 2048w, https:\/\/i0.wp.com\/clarapache.com\/wp-content\/uploads\/2022\/11\/Screenshot-2022-11-20-at-19.02.12.png?w=1920&amp;ssl=1 1920w\" sizes=\"(max-width: 1000px) 100vw, 1000px\" \/><\/figure>\n\n\n\n<figure class=\"wp-block-image aligncenter size-large\"><img data-recalc-dims=\"1\" decoding=\"async\" width=\"1024\" height=\"724\" src=\"https:\/\/i0.wp.com\/clarapache.com\/wp-content\/uploads\/2022\/11\/Screenshot-2022-11-20-at-19.02.47.png?resize=1024%2C724&#038;ssl=1\" alt=\"\" class=\"wp-image-496\" srcset=\"https:\/\/i0.wp.com\/clarapache.com\/wp-content\/uploads\/2022\/11\/Screenshot-2022-11-20-at-19.02.47.png?resize=1024%2C724&amp;ssl=1 1024w, https:\/\/i0.wp.com\/clarapache.com\/wp-content\/uploads\/2022\/11\/Screenshot-2022-11-20-at-19.02.47.png?resize=300%2C212&amp;ssl=1 300w, https:\/\/i0.wp.com\/clarapache.com\/wp-content\/uploads\/2022\/11\/Screenshot-2022-11-20-at-19.02.47.png?resize=768%2C543&amp;ssl=1 768w, https:\/\/i0.wp.com\/clarapache.com\/wp-content\/uploads\/2022\/11\/Screenshot-2022-11-20-at-19.02.47.png?resize=1536%2C1086&amp;ssl=1 1536w, https:\/\/i0.wp.com\/clarapache.com\/wp-content\/uploads\/2022\/11\/Screenshot-2022-11-20-at-19.02.47.png?resize=2048%2C1448&amp;ssl=1 2048w, https:\/\/i0.wp.com\/clarapache.com\/wp-content\/uploads\/2022\/11\/Screenshot-2022-11-20-at-19.02.47.png?w=1920&amp;ssl=1 1920w\" sizes=\"(max-width: 1000px) 100vw, 1000px\" \/><\/figure>\n\n\n\n<figure class=\"wp-block-image aligncenter size-large\"><img data-recalc-dims=\"1\" decoding=\"async\" width=\"1024\" height=\"724\" src=\"https:\/\/i0.wp.com\/clarapache.com\/wp-content\/uploads\/2022\/11\/Screenshot-2022-11-20-at-19.03.46.png?resize=1024%2C724&#038;ssl=1\" alt=\"\" class=\"wp-image-498\" srcset=\"https:\/\/i0.wp.com\/clarapache.com\/wp-content\/uploads\/2022\/11\/Screenshot-2022-11-20-at-19.03.46.png?resize=1024%2C724&amp;ssl=1 1024w, https:\/\/i0.wp.com\/clarapache.com\/wp-content\/uploads\/2022\/11\/Screenshot-2022-11-20-at-19.03.46.png?resize=300%2C212&amp;ssl=1 300w, https:\/\/i0.wp.com\/clarapache.com\/wp-content\/uploads\/2022\/11\/Screenshot-2022-11-20-at-19.03.46.png?resize=768%2C543&amp;ssl=1 768w, https:\/\/i0.wp.com\/clarapache.com\/wp-content\/uploads\/2022\/11\/Screenshot-2022-11-20-at-19.03.46.png?resize=1536%2C1086&amp;ssl=1 1536w, https:\/\/i0.wp.com\/clarapache.com\/wp-content\/uploads\/2022\/11\/Screenshot-2022-11-20-at-19.03.46.png?resize=2048%2C1449&amp;ssl=1 2048w, https:\/\/i0.wp.com\/clarapache.com\/wp-content\/uploads\/2022\/11\/Screenshot-2022-11-20-at-19.03.46.png?w=1920&amp;ssl=1 1920w\" sizes=\"(max-width: 1000px) 100vw, 1000px\" \/><\/figure>\n\n\n\n<figure class=\"wp-block-image aligncenter size-large\"><img data-recalc-dims=\"1\" decoding=\"async\" width=\"1024\" height=\"724\" src=\"https:\/\/i0.wp.com\/clarapache.com\/wp-content\/uploads\/2022\/11\/Screenshot-2022-11-20-at-19.04.01.png?resize=1024%2C724&#038;ssl=1\" alt=\"\" class=\"wp-image-499\" srcset=\"https:\/\/i0.wp.com\/clarapache.com\/wp-content\/uploads\/2022\/11\/Screenshot-2022-11-20-at-19.04.01.png?resize=1024%2C724&amp;ssl=1 1024w, https:\/\/i0.wp.com\/clarapache.com\/wp-content\/uploads\/2022\/11\/Screenshot-2022-11-20-at-19.04.01.png?resize=300%2C212&amp;ssl=1 300w, https:\/\/i0.wp.com\/clarapache.com\/wp-content\/uploads\/2022\/11\/Screenshot-2022-11-20-at-19.04.01.png?resize=768%2C543&amp;ssl=1 768w, https:\/\/i0.wp.com\/clarapache.com\/wp-content\/uploads\/2022\/11\/Screenshot-2022-11-20-at-19.04.01.png?resize=1536%2C1086&amp;ssl=1 1536w, https:\/\/i0.wp.com\/clarapache.com\/wp-content\/uploads\/2022\/11\/Screenshot-2022-11-20-at-19.04.01.png?resize=2048%2C1449&amp;ssl=1 2048w, https:\/\/i0.wp.com\/clarapache.com\/wp-content\/uploads\/2022\/11\/Screenshot-2022-11-20-at-19.04.01.png?w=1920&amp;ssl=1 1920w\" sizes=\"(max-width: 1000px) 100vw, 1000px\" \/><\/figure>\n\n\n\n<figure class=\"wp-block-image aligncenter size-large\"><img data-recalc-dims=\"1\" decoding=\"async\" width=\"1024\" height=\"723\" src=\"https:\/\/i0.wp.com\/clarapache.com\/wp-content\/uploads\/2022\/11\/Screenshot-2022-11-20-at-19.04.17.png?resize=1024%2C723&#038;ssl=1\" alt=\"\" class=\"wp-image-500\" srcset=\"https:\/\/i0.wp.com\/clarapache.com\/wp-content\/uploads\/2022\/11\/Screenshot-2022-11-20-at-19.04.17.png?resize=1024%2C723&amp;ssl=1 1024w, https:\/\/i0.wp.com\/clarapache.com\/wp-content\/uploads\/2022\/11\/Screenshot-2022-11-20-at-19.04.17.png?resize=300%2C212&amp;ssl=1 300w, https:\/\/i0.wp.com\/clarapache.com\/wp-content\/uploads\/2022\/11\/Screenshot-2022-11-20-at-19.04.17.png?resize=768%2C542&amp;ssl=1 768w, https:\/\/i0.wp.com\/clarapache.com\/wp-content\/uploads\/2022\/11\/Screenshot-2022-11-20-at-19.04.17.png?resize=1536%2C1085&amp;ssl=1 1536w, https:\/\/i0.wp.com\/clarapache.com\/wp-content\/uploads\/2022\/11\/Screenshot-2022-11-20-at-19.04.17.png?resize=2048%2C1446&amp;ssl=1 2048w, https:\/\/i0.wp.com\/clarapache.com\/wp-content\/uploads\/2022\/11\/Screenshot-2022-11-20-at-19.04.17.png?w=1920&amp;ssl=1 1920w\" sizes=\"(max-width: 1000px) 100vw, 1000px\" \/><\/figure>\n\n\n\n<figure class=\"wp-block-image aligncenter size-large\"><img data-recalc-dims=\"1\" decoding=\"async\" width=\"1024\" height=\"722\" src=\"https:\/\/i0.wp.com\/clarapache.com\/wp-content\/uploads\/2022\/11\/Screenshot-2022-11-20-at-19.05.03.png?resize=1024%2C722&#038;ssl=1\" alt=\"\" class=\"wp-image-502\" srcset=\"https:\/\/i0.wp.com\/clarapache.com\/wp-content\/uploads\/2022\/11\/Screenshot-2022-11-20-at-19.05.03.png?resize=1024%2C722&amp;ssl=1 1024w, https:\/\/i0.wp.com\/clarapache.com\/wp-content\/uploads\/2022\/11\/Screenshot-2022-11-20-at-19.05.03.png?resize=300%2C212&amp;ssl=1 300w, https:\/\/i0.wp.com\/clarapache.com\/wp-content\/uploads\/2022\/11\/Screenshot-2022-11-20-at-19.05.03.png?resize=768%2C541&amp;ssl=1 768w, https:\/\/i0.wp.com\/clarapache.com\/wp-content\/uploads\/2022\/11\/Screenshot-2022-11-20-at-19.05.03.png?resize=1536%2C1083&amp;ssl=1 1536w, https:\/\/i0.wp.com\/clarapache.com\/wp-content\/uploads\/2022\/11\/Screenshot-2022-11-20-at-19.05.03.png?resize=2048%2C1444&amp;ssl=1 2048w, https:\/\/i0.wp.com\/clarapache.com\/wp-content\/uploads\/2022\/11\/Screenshot-2022-11-20-at-19.05.03.png?w=1920&amp;ssl=1 1920w\" sizes=\"(max-width: 1000px) 100vw, 1000px\" \/><\/figure>\n\n\n\n<figure class=\"wp-block-image aligncenter size-large\"><img data-recalc-dims=\"1\" decoding=\"async\" width=\"1024\" height=\"724\" src=\"https:\/\/i0.wp.com\/clarapache.com\/wp-content\/uploads\/2022\/11\/Screenshot-2022-11-20-at-19.05.18.png?resize=1024%2C724&#038;ssl=1\" alt=\"\" class=\"wp-image-504\" srcset=\"https:\/\/i0.wp.com\/clarapache.com\/wp-content\/uploads\/2022\/11\/Screenshot-2022-11-20-at-19.05.18.png?resize=1024%2C724&amp;ssl=1 1024w, https:\/\/i0.wp.com\/clarapache.com\/wp-content\/uploads\/2022\/11\/Screenshot-2022-11-20-at-19.05.18.png?resize=300%2C212&amp;ssl=1 300w, https:\/\/i0.wp.com\/clarapache.com\/wp-content\/uploads\/2022\/11\/Screenshot-2022-11-20-at-19.05.18.png?resize=768%2C543&amp;ssl=1 768w, https:\/\/i0.wp.com\/clarapache.com\/wp-content\/uploads\/2022\/11\/Screenshot-2022-11-20-at-19.05.18.png?resize=1536%2C1086&amp;ssl=1 1536w, https:\/\/i0.wp.com\/clarapache.com\/wp-content\/uploads\/2022\/11\/Screenshot-2022-11-20-at-19.05.18.png?resize=2048%2C1449&amp;ssl=1 2048w, https:\/\/i0.wp.com\/clarapache.com\/wp-content\/uploads\/2022\/11\/Screenshot-2022-11-20-at-19.05.18.png?w=1920&amp;ssl=1 1920w\" sizes=\"(max-width: 1000px) 100vw, 1000px\" \/><\/figure>\n\n\n\n<figure class=\"wp-block-image aligncenter size-large\"><img data-recalc-dims=\"1\" decoding=\"async\" width=\"1024\" height=\"724\" src=\"https:\/\/i0.wp.com\/clarapache.com\/wp-content\/uploads\/2022\/11\/Screenshot-2022-11-20-at-19.05.38.png?resize=1024%2C724&#038;ssl=1\" alt=\"\" class=\"wp-image-505\" srcset=\"https:\/\/i0.wp.com\/clarapache.com\/wp-content\/uploads\/2022\/11\/Screenshot-2022-11-20-at-19.05.38.png?resize=1024%2C724&amp;ssl=1 1024w, https:\/\/i0.wp.com\/clarapache.com\/wp-content\/uploads\/2022\/11\/Screenshot-2022-11-20-at-19.05.38.png?resize=300%2C212&amp;ssl=1 300w, https:\/\/i0.wp.com\/clarapache.com\/wp-content\/uploads\/2022\/11\/Screenshot-2022-11-20-at-19.05.38.png?resize=768%2C543&amp;ssl=1 768w, https:\/\/i0.wp.com\/clarapache.com\/wp-content\/uploads\/2022\/11\/Screenshot-2022-11-20-at-19.05.38.png?resize=1536%2C1086&amp;ssl=1 1536w, https:\/\/i0.wp.com\/clarapache.com\/wp-content\/uploads\/2022\/11\/Screenshot-2022-11-20-at-19.05.38.png?resize=2048%2C1449&amp;ssl=1 2048w, https:\/\/i0.wp.com\/clarapache.com\/wp-content\/uploads\/2022\/11\/Screenshot-2022-11-20-at-19.05.38.png?w=1920&amp;ssl=1 1920w\" sizes=\"(max-width: 1000px) 100vw, 1000px\" \/><\/figure>\n\n\n\n<figure class=\"wp-block-image aligncenter size-large\"><img data-recalc-dims=\"1\" decoding=\"async\" width=\"1024\" height=\"724\" src=\"https:\/\/i0.wp.com\/clarapache.com\/wp-content\/uploads\/2022\/11\/Screenshot-2022-11-20-at-19.05.57.png?resize=1024%2C724&#038;ssl=1\" alt=\"\" class=\"wp-image-506\" srcset=\"https:\/\/i0.wp.com\/clarapache.com\/wp-content\/uploads\/2022\/11\/Screenshot-2022-11-20-at-19.05.57.png?resize=1024%2C724&amp;ssl=1 1024w, https:\/\/i0.wp.com\/clarapache.com\/wp-content\/uploads\/2022\/11\/Screenshot-2022-11-20-at-19.05.57.png?resize=300%2C212&amp;ssl=1 300w, https:\/\/i0.wp.com\/clarapache.com\/wp-content\/uploads\/2022\/11\/Screenshot-2022-11-20-at-19.05.57.png?resize=768%2C543&amp;ssl=1 768w, https:\/\/i0.wp.com\/clarapache.com\/wp-content\/uploads\/2022\/11\/Screenshot-2022-11-20-at-19.05.57.png?resize=1536%2C1086&amp;ssl=1 1536w, https:\/\/i0.wp.com\/clarapache.com\/wp-content\/uploads\/2022\/11\/Screenshot-2022-11-20-at-19.05.57.png?resize=2048%2C1449&amp;ssl=1 2048w, https:\/\/i0.wp.com\/clarapache.com\/wp-content\/uploads\/2022\/11\/Screenshot-2022-11-20-at-19.05.57.png?w=1920&amp;ssl=1 1920w\" sizes=\"(max-width: 1000px) 100vw, 1000px\" \/><\/figure>\n\n\n\n<figure class=\"wp-block-image aligncenter size-large\"><img data-recalc-dims=\"1\" decoding=\"async\" width=\"1024\" height=\"723\" src=\"https:\/\/i0.wp.com\/clarapache.com\/wp-content\/uploads\/2022\/11\/Screenshot-2022-11-20-at-19.06.12.png?resize=1024%2C723&#038;ssl=1\" alt=\"\" class=\"wp-image-507\" srcset=\"https:\/\/i0.wp.com\/clarapache.com\/wp-content\/uploads\/2022\/11\/Screenshot-2022-11-20-at-19.06.12.png?resize=1024%2C723&amp;ssl=1 1024w, https:\/\/i0.wp.com\/clarapache.com\/wp-content\/uploads\/2022\/11\/Screenshot-2022-11-20-at-19.06.12.png?resize=300%2C212&amp;ssl=1 300w, https:\/\/i0.wp.com\/clarapache.com\/wp-content\/uploads\/2022\/11\/Screenshot-2022-11-20-at-19.06.12.png?resize=768%2C542&amp;ssl=1 768w, https:\/\/i0.wp.com\/clarapache.com\/wp-content\/uploads\/2022\/11\/Screenshot-2022-11-20-at-19.06.12.png?resize=1536%2C1084&amp;ssl=1 1536w, https:\/\/i0.wp.com\/clarapache.com\/wp-content\/uploads\/2022\/11\/Screenshot-2022-11-20-at-19.06.12.png?resize=2048%2C1446&amp;ssl=1 2048w, https:\/\/i0.wp.com\/clarapache.com\/wp-content\/uploads\/2022\/11\/Screenshot-2022-11-20-at-19.06.12.png?w=1920&amp;ssl=1 1920w\" sizes=\"(max-width: 1000px) 100vw, 1000px\" \/><\/figure>\n","protected":false},"excerpt":{"rendered":"<p>Os model\u00e1rios s\u00e3o como dossiers que acompanham a cole\u00e7\u00e3o de uma empresa, quando apresentadaaos cliente, principalmente em feiras e eventos nacionais ou internacionais. Eles devem ser conter os modelos desenhados, tal como croquis ou desenhos t\u00e9cnicos, cartazes de tecidos e varia\u00e7\u00f5es de cores, tamanhos e tabelas de medidas, com a identifica\u00e7\u00e3o de cada pe\u00e7a, para [&hellip;]<\/p>\n","protected":false},"author":2,"featured_media":0,"parent":407,"menu_order":0,"comment_status":"closed","ping_status":"closed","template":"","meta":{"footnotes":""},"class_list":["post-492","page","type-page","status-publish","hentry"],"jetpack_sharing_enabled":true,"_links":{"self":[{"href":"https:\/\/clarapache.com\/index.php\/wp-json\/wp\/v2\/pages\/492","targetHints":{"allow":["GET"]}}],"collection":[{"href":"https:\/\/clarapache.com\/index.php\/wp-json\/wp\/v2\/pages"}],"about":[{"href":"https:\/\/clarapache.com\/index.php\/wp-json\/wp\/v2\/types\/page"}],"author":[{"embeddable":true,"href":"https:\/\/clarapache.com\/index.php\/wp-json\/wp\/v2\/users\/2"}],"replies":[{"embeddable":true,"href":"https:\/\/clarapache.com\/index.php\/wp-json\/wp\/v2\/comments?post=492"}],"version-history":[{"count":1,"href":"https:\/\/clarapache.com\/index.php\/wp-json\/wp\/v2\/pages\/492\/revisions"}],"predecessor-version":[{"id":508,"href":"https:\/\/clarapache.com\/index.php\/wp-json\/wp\/v2\/pages\/492\/revisions\/508"}],"up":[{"embeddable":true,"href":"https:\/\/clarapache.com\/index.php\/wp-json\/wp\/v2\/pages\/407"}],"wp:attachment":[{"href":"https:\/\/clarapache.com\/index.php\/wp-json\/wp\/v2\/media?parent=492"}],"curies":[{"name":"wp","href":"https:\/\/api.w.org\/{rel}","templated":true}]}}