{"id":530,"date":"2022-11-20T20:04:43","date_gmt":"2022-11-20T20:04:43","guid":{"rendered":"https:\/\/clarapache.com\/?page_id=530"},"modified":"2022-11-20T20:06:55","modified_gmt":"2022-11-20T20:06:55","slug":"blazer-kahlo","status":"publish","type":"page","link":"https:\/\/clarapache.com\/index.php\/portfolio-2\/blazer-kahlo\/","title":{"rendered":"Blazer Kahlo"},"content":{"rendered":"\n<figure class=\"wp-block-image aligncenter size-large\"><img data-recalc-dims=\"1\" decoding=\"async\" width=\"1024\" height=\"589\" src=\"https:\/\/i0.wp.com\/clarapache.com\/wp-content\/uploads\/2022\/11\/Screenshot-2022-11-20-at-19.40.41.png?resize=1024%2C589&#038;ssl=1\" alt=\"\" class=\"wp-image-524\" srcset=\"https:\/\/i0.wp.com\/clarapache.com\/wp-content\/uploads\/2022\/11\/Screenshot-2022-11-20-at-19.40.41.png?resize=1024%2C589&amp;ssl=1 1024w, https:\/\/i0.wp.com\/clarapache.com\/wp-content\/uploads\/2022\/11\/Screenshot-2022-11-20-at-19.40.41.png?resize=300%2C173&amp;ssl=1 300w, https:\/\/i0.wp.com\/clarapache.com\/wp-content\/uploads\/2022\/11\/Screenshot-2022-11-20-at-19.40.41.png?resize=768%2C442&amp;ssl=1 768w, https:\/\/i0.wp.com\/clarapache.com\/wp-content\/uploads\/2022\/11\/Screenshot-2022-11-20-at-19.40.41.png?resize=1536%2C884&amp;ssl=1 1536w, https:\/\/i0.wp.com\/clarapache.com\/wp-content\/uploads\/2022\/11\/Screenshot-2022-11-20-at-19.40.41.png?resize=2048%2C1179&amp;ssl=1 2048w, https:\/\/i0.wp.com\/clarapache.com\/wp-content\/uploads\/2022\/11\/Screenshot-2022-11-20-at-19.40.41.png?w=1920&amp;ssl=1 1920w\" sizes=\"(max-width: 1000px) 100vw, 1000px\" \/><\/figure>\n\n\n\n<p>O blazer \u00e9 uma das pe\u00e7as da cole\u00e7\u00e3o c\u00e1psula &#8220;Kahlo, perfei\u00e7\u00e3o imperfeita&#8221;, que teve inspira\u00e7\u00e3o na vida e cultura de Frida Kahlo em integra\u00e7\u00e3o com a arte japonesa de repara\u00e7\u00e3o de cer\u00e2micas quebradas ou lascadas, com &#8220;costuras&#8221; em p\u00f3 de ouro e outros metais, conhecida como kintsugi.<\/p>\n\n\n\n<div class=\"wp-block-columns is-layout-flex wp-container-core-columns-is-layout-28f84493 wp-block-columns-is-layout-flex\">\n<div class=\"wp-block-column is-layout-flow wp-block-column-is-layout-flow\">\n<figure class=\"wp-block-image aligncenter size-large is-resized\"><img data-recalc-dims=\"1\" decoding=\"async\" src=\"https:\/\/i0.wp.com\/clarapache.com\/wp-content\/uploads\/2022\/11\/Screenshot-2022-11-20-at-19.37.15.png?resize=482%2C442&#038;ssl=1\" alt=\"\" class=\"wp-image-511\" width=\"482\" height=\"442\" srcset=\"https:\/\/i0.wp.com\/clarapache.com\/wp-content\/uploads\/2022\/11\/Screenshot-2022-11-20-at-19.37.15.png?resize=1024%2C941&amp;ssl=1 1024w, https:\/\/i0.wp.com\/clarapache.com\/wp-content\/uploads\/2022\/11\/Screenshot-2022-11-20-at-19.37.15.png?resize=300%2C276&amp;ssl=1 300w, https:\/\/i0.wp.com\/clarapache.com\/wp-content\/uploads\/2022\/11\/Screenshot-2022-11-20-at-19.37.15.png?resize=768%2C705&amp;ssl=1 768w, https:\/\/i0.wp.com\/clarapache.com\/wp-content\/uploads\/2022\/11\/Screenshot-2022-11-20-at-19.37.15.png?w=1300&amp;ssl=1 1300w\" sizes=\"(max-width: 482px) 100vw, 482px\" \/><\/figure>\n\n\n\n<p><\/p>\n<\/div>\n<\/div>\n\n\n\n<figure class=\"wp-block-image aligncenter size-large\"><img data-recalc-dims=\"1\" decoding=\"async\" width=\"1024\" height=\"723\" src=\"https:\/\/i0.wp.com\/clarapache.com\/wp-content\/uploads\/2022\/11\/Screenshot-2022-11-20-at-19.41.08.png?resize=1024%2C723&#038;ssl=1\" alt=\"\" class=\"wp-image-525\" srcset=\"https:\/\/i0.wp.com\/clarapache.com\/wp-content\/uploads\/2022\/11\/Screenshot-2022-11-20-at-19.41.08.png?resize=1024%2C723&amp;ssl=1 1024w, https:\/\/i0.wp.com\/clarapache.com\/wp-content\/uploads\/2022\/11\/Screenshot-2022-11-20-at-19.41.08.png?resize=300%2C212&amp;ssl=1 300w, https:\/\/i0.wp.com\/clarapache.com\/wp-content\/uploads\/2022\/11\/Screenshot-2022-11-20-at-19.41.08.png?resize=768%2C542&amp;ssl=1 768w, https:\/\/i0.wp.com\/clarapache.com\/wp-content\/uploads\/2022\/11\/Screenshot-2022-11-20-at-19.41.08.png?resize=1536%2C1084&amp;ssl=1 1536w, https:\/\/i0.wp.com\/clarapache.com\/wp-content\/uploads\/2022\/11\/Screenshot-2022-11-20-at-19.41.08.png?resize=2048%2C1446&amp;ssl=1 2048w, https:\/\/i0.wp.com\/clarapache.com\/wp-content\/uploads\/2022\/11\/Screenshot-2022-11-20-at-19.41.08.png?w=1920&amp;ssl=1 1920w\" sizes=\"(max-width: 1000px) 100vw, 1000px\" \/><\/figure>\n\n\n\n<figure class=\"wp-block-image aligncenter size-large\"><img data-recalc-dims=\"1\" decoding=\"async\" width=\"1024\" height=\"722\" src=\"https:\/\/i0.wp.com\/clarapache.com\/wp-content\/uploads\/2022\/11\/Screenshot-2022-11-20-at-19.38.46.png?resize=1024%2C722&#038;ssl=1\" alt=\"\" class=\"wp-image-519\" srcset=\"https:\/\/i0.wp.com\/clarapache.com\/wp-content\/uploads\/2022\/11\/Screenshot-2022-11-20-at-19.38.46.png?resize=1024%2C722&amp;ssl=1 1024w, https:\/\/i0.wp.com\/clarapache.com\/wp-content\/uploads\/2022\/11\/Screenshot-2022-11-20-at-19.38.46.png?resize=300%2C212&amp;ssl=1 300w, https:\/\/i0.wp.com\/clarapache.com\/wp-content\/uploads\/2022\/11\/Screenshot-2022-11-20-at-19.38.46.png?resize=768%2C541&amp;ssl=1 768w, https:\/\/i0.wp.com\/clarapache.com\/wp-content\/uploads\/2022\/11\/Screenshot-2022-11-20-at-19.38.46.png?resize=1536%2C1083&amp;ssl=1 1536w, https:\/\/i0.wp.com\/clarapache.com\/wp-content\/uploads\/2022\/11\/Screenshot-2022-11-20-at-19.38.46.png?resize=2048%2C1444&amp;ssl=1 2048w, https:\/\/i0.wp.com\/clarapache.com\/wp-content\/uploads\/2022\/11\/Screenshot-2022-11-20-at-19.38.46.png?w=1920&amp;ssl=1 1920w\" sizes=\"(max-width: 1000px) 100vw, 1000px\" \/><\/figure>\n\n\n\n<figure class=\"wp-block-image aligncenter size-large\"><img data-recalc-dims=\"1\" decoding=\"async\" width=\"1024\" height=\"722\" src=\"https:\/\/i0.wp.com\/clarapache.com\/wp-content\/uploads\/2022\/11\/Screenshot-2022-11-20-at-19.37.41.png?resize=1024%2C722&#038;ssl=1\" alt=\"\" class=\"wp-image-513\" srcset=\"https:\/\/i0.wp.com\/clarapache.com\/wp-content\/uploads\/2022\/11\/Screenshot-2022-11-20-at-19.37.41.png?resize=1024%2C722&amp;ssl=1 1024w, https:\/\/i0.wp.com\/clarapache.com\/wp-content\/uploads\/2022\/11\/Screenshot-2022-11-20-at-19.37.41.png?resize=300%2C212&amp;ssl=1 300w, https:\/\/i0.wp.com\/clarapache.com\/wp-content\/uploads\/2022\/11\/Screenshot-2022-11-20-at-19.37.41.png?resize=768%2C542&amp;ssl=1 768w, https:\/\/i0.wp.com\/clarapache.com\/wp-content\/uploads\/2022\/11\/Screenshot-2022-11-20-at-19.37.41.png?resize=1536%2C1083&amp;ssl=1 1536w, https:\/\/i0.wp.com\/clarapache.com\/wp-content\/uploads\/2022\/11\/Screenshot-2022-11-20-at-19.37.41.png?resize=2048%2C1445&amp;ssl=1 2048w, https:\/\/i0.wp.com\/clarapache.com\/wp-content\/uploads\/2022\/11\/Screenshot-2022-11-20-at-19.37.41.png?w=1920&amp;ssl=1 1920w\" sizes=\"(max-width: 1000px) 100vw, 1000px\" \/><\/figure>\n\n\n\n<figure class=\"wp-block-image aligncenter size-large\"><img data-recalc-dims=\"1\" decoding=\"async\" width=\"1024\" height=\"723\" src=\"https:\/\/i0.wp.com\/clarapache.com\/wp-content\/uploads\/2022\/11\/Screenshot-2022-11-20-at-19.37.55.png?resize=1024%2C723&#038;ssl=1\" alt=\"\" class=\"wp-image-514\" srcset=\"https:\/\/i0.wp.com\/clarapache.com\/wp-content\/uploads\/2022\/11\/Screenshot-2022-11-20-at-19.37.55.png?resize=1024%2C723&amp;ssl=1 1024w, https:\/\/i0.wp.com\/clarapache.com\/wp-content\/uploads\/2022\/11\/Screenshot-2022-11-20-at-19.37.55.png?resize=300%2C212&amp;ssl=1 300w, https:\/\/i0.wp.com\/clarapache.com\/wp-content\/uploads\/2022\/11\/Screenshot-2022-11-20-at-19.37.55.png?resize=768%2C543&amp;ssl=1 768w, https:\/\/i0.wp.com\/clarapache.com\/wp-content\/uploads\/2022\/11\/Screenshot-2022-11-20-at-19.37.55.png?resize=1536%2C1085&amp;ssl=1 1536w, https:\/\/i0.wp.com\/clarapache.com\/wp-content\/uploads\/2022\/11\/Screenshot-2022-11-20-at-19.37.55.png?resize=2048%2C1447&amp;ssl=1 2048w, https:\/\/i0.wp.com\/clarapache.com\/wp-content\/uploads\/2022\/11\/Screenshot-2022-11-20-at-19.37.55.png?w=1920&amp;ssl=1 1920w\" sizes=\"(max-width: 1000px) 100vw, 1000px\" \/><\/figure>\n\n\n\n<figure class=\"wp-block-image aligncenter size-large\"><img data-recalc-dims=\"1\" decoding=\"async\" width=\"1024\" height=\"724\" src=\"https:\/\/i0.wp.com\/clarapache.com\/wp-content\/uploads\/2022\/11\/Screenshot-2022-11-20-at-19.39.52.png?resize=1024%2C724&#038;ssl=1\" alt=\"\" class=\"wp-image-515\" srcset=\"https:\/\/i0.wp.com\/clarapache.com\/wp-content\/uploads\/2022\/11\/Screenshot-2022-11-20-at-19.39.52.png?resize=1024%2C724&amp;ssl=1 1024w, https:\/\/i0.wp.com\/clarapache.com\/wp-content\/uploads\/2022\/11\/Screenshot-2022-11-20-at-19.39.52.png?resize=300%2C212&amp;ssl=1 300w, https:\/\/i0.wp.com\/clarapache.com\/wp-content\/uploads\/2022\/11\/Screenshot-2022-11-20-at-19.39.52.png?resize=768%2C543&amp;ssl=1 768w, https:\/\/i0.wp.com\/clarapache.com\/wp-content\/uploads\/2022\/11\/Screenshot-2022-11-20-at-19.39.52.png?resize=1536%2C1086&amp;ssl=1 1536w, https:\/\/i0.wp.com\/clarapache.com\/wp-content\/uploads\/2022\/11\/Screenshot-2022-11-20-at-19.39.52.png?resize=2048%2C1448&amp;ssl=1 2048w, https:\/\/i0.wp.com\/clarapache.com\/wp-content\/uploads\/2022\/11\/Screenshot-2022-11-20-at-19.39.52.png?w=1920&amp;ssl=1 1920w\" sizes=\"(max-width: 1000px) 100vw, 1000px\" \/><\/figure>\n\n\n\n<figure class=\"wp-block-image aligncenter size-large\"><img data-recalc-dims=\"1\" decoding=\"async\" width=\"1024\" height=\"724\" src=\"https:\/\/i0.wp.com\/clarapache.com\/wp-content\/uploads\/2022\/11\/Screenshot-2022-11-20-at-19.39.37.png?resize=1024%2C724&#038;ssl=1\" alt=\"\" class=\"wp-image-516\" srcset=\"https:\/\/i0.wp.com\/clarapache.com\/wp-content\/uploads\/2022\/11\/Screenshot-2022-11-20-at-19.39.37.png?resize=1024%2C724&amp;ssl=1 1024w, https:\/\/i0.wp.com\/clarapache.com\/wp-content\/uploads\/2022\/11\/Screenshot-2022-11-20-at-19.39.37.png?resize=300%2C212&amp;ssl=1 300w, https:\/\/i0.wp.com\/clarapache.com\/wp-content\/uploads\/2022\/11\/Screenshot-2022-11-20-at-19.39.37.png?resize=768%2C543&amp;ssl=1 768w, https:\/\/i0.wp.com\/clarapache.com\/wp-content\/uploads\/2022\/11\/Screenshot-2022-11-20-at-19.39.37.png?resize=1536%2C1086&amp;ssl=1 1536w, https:\/\/i0.wp.com\/clarapache.com\/wp-content\/uploads\/2022\/11\/Screenshot-2022-11-20-at-19.39.37.png?resize=2048%2C1448&amp;ssl=1 2048w, https:\/\/i0.wp.com\/clarapache.com\/wp-content\/uploads\/2022\/11\/Screenshot-2022-11-20-at-19.39.37.png?w=1920&amp;ssl=1 1920w\" sizes=\"(max-width: 1000px) 100vw, 1000px\" \/><\/figure>\n\n\n\n<div class=\"wp-block-columns is-layout-flex wp-container-core-columns-is-layout-28f84493 wp-block-columns-is-layout-flex\">\n<div class=\"wp-block-column is-layout-flow wp-block-column-is-layout-flow\">\n<figure class=\"wp-block-image aligncenter size-large\"><img data-recalc-dims=\"1\" decoding=\"async\" width=\"1024\" height=\"722\" src=\"https:\/\/i0.wp.com\/clarapache.com\/wp-content\/uploads\/2022\/11\/Screenshot-2022-11-20-at-19.39.21.png?resize=1024%2C722&#038;ssl=1\" alt=\"\" class=\"wp-image-517\" srcset=\"https:\/\/i0.wp.com\/clarapache.com\/wp-content\/uploads\/2022\/11\/Screenshot-2022-11-20-at-19.39.21.png?resize=1024%2C722&amp;ssl=1 1024w, https:\/\/i0.wp.com\/clarapache.com\/wp-content\/uploads\/2022\/11\/Screenshot-2022-11-20-at-19.39.21.png?resize=300%2C211&amp;ssl=1 300w, https:\/\/i0.wp.com\/clarapache.com\/wp-content\/uploads\/2022\/11\/Screenshot-2022-11-20-at-19.39.21.png?resize=768%2C541&amp;ssl=1 768w, https:\/\/i0.wp.com\/clarapache.com\/wp-content\/uploads\/2022\/11\/Screenshot-2022-11-20-at-19.39.21.png?resize=1536%2C1083&amp;ssl=1 1536w, https:\/\/i0.wp.com\/clarapache.com\/wp-content\/uploads\/2022\/11\/Screenshot-2022-11-20-at-19.39.21.png?resize=2048%2C1444&amp;ssl=1 2048w, https:\/\/i0.wp.com\/clarapache.com\/wp-content\/uploads\/2022\/11\/Screenshot-2022-11-20-at-19.39.21.png?w=1920&amp;ssl=1 1920w\" sizes=\"(max-width: 1000px) 100vw, 1000px\" \/><\/figure>\n<\/div>\n\n\n\n<div class=\"wp-block-column is-layout-flow wp-block-column-is-layout-flow\">\n<figure class=\"wp-block-image aligncenter size-large\"><img data-recalc-dims=\"1\" decoding=\"async\" width=\"1024\" height=\"722\" src=\"https:\/\/i0.wp.com\/clarapache.com\/wp-content\/uploads\/2022\/11\/Screenshot-2022-11-20-at-19.39.09.png?resize=1024%2C722&#038;ssl=1\" alt=\"\" class=\"wp-image-518\" srcset=\"https:\/\/i0.wp.com\/clarapache.com\/wp-content\/uploads\/2022\/11\/Screenshot-2022-11-20-at-19.39.09.png?resize=1024%2C722&amp;ssl=1 1024w, https:\/\/i0.wp.com\/clarapache.com\/wp-content\/uploads\/2022\/11\/Screenshot-2022-11-20-at-19.39.09.png?resize=300%2C212&amp;ssl=1 300w, https:\/\/i0.wp.com\/clarapache.com\/wp-content\/uploads\/2022\/11\/Screenshot-2022-11-20-at-19.39.09.png?resize=768%2C542&amp;ssl=1 768w, https:\/\/i0.wp.com\/clarapache.com\/wp-content\/uploads\/2022\/11\/Screenshot-2022-11-20-at-19.39.09.png?resize=1536%2C1083&amp;ssl=1 1536w, https:\/\/i0.wp.com\/clarapache.com\/wp-content\/uploads\/2022\/11\/Screenshot-2022-11-20-at-19.39.09.png?resize=2048%2C1444&amp;ssl=1 2048w, https:\/\/i0.wp.com\/clarapache.com\/wp-content\/uploads\/2022\/11\/Screenshot-2022-11-20-at-19.39.09.png?w=1920&amp;ssl=1 1920w\" sizes=\"(max-width: 1000px) 100vw, 1000px\" \/><\/figure>\n<\/div>\n<\/div>\n\n\n\n<div class=\"wp-block-columns is-layout-flex wp-container-core-columns-is-layout-28f84493 wp-block-columns-is-layout-flex\">\n<div class=\"wp-block-column is-layout-flow wp-block-column-is-layout-flow\">\n<figure class=\"wp-block-image aligncenter size-large\"><img data-recalc-dims=\"1\" decoding=\"async\" width=\"1024\" height=\"724\" src=\"https:\/\/i0.wp.com\/clarapache.com\/wp-content\/uploads\/2022\/11\/Screenshot-2022-11-20-at-19.40.12.png?resize=1024%2C724&#038;ssl=1\" alt=\"\" class=\"wp-image-522\" srcset=\"https:\/\/i0.wp.com\/clarapache.com\/wp-content\/uploads\/2022\/11\/Screenshot-2022-11-20-at-19.40.12.png?resize=1024%2C724&amp;ssl=1 1024w, https:\/\/i0.wp.com\/clarapache.com\/wp-content\/uploads\/2022\/11\/Screenshot-2022-11-20-at-19.40.12.png?resize=300%2C212&amp;ssl=1 300w, https:\/\/i0.wp.com\/clarapache.com\/wp-content\/uploads\/2022\/11\/Screenshot-2022-11-20-at-19.40.12.png?resize=768%2C543&amp;ssl=1 768w, https:\/\/i0.wp.com\/clarapache.com\/wp-content\/uploads\/2022\/11\/Screenshot-2022-11-20-at-19.40.12.png?resize=1536%2C1086&amp;ssl=1 1536w, https:\/\/i0.wp.com\/clarapache.com\/wp-content\/uploads\/2022\/11\/Screenshot-2022-11-20-at-19.40.12.png?resize=2048%2C1448&amp;ssl=1 2048w, https:\/\/i0.wp.com\/clarapache.com\/wp-content\/uploads\/2022\/11\/Screenshot-2022-11-20-at-19.40.12.png?w=1920&amp;ssl=1 1920w\" sizes=\"(max-width: 1000px) 100vw, 1000px\" \/><\/figure>\n<\/div>\n\n\n\n<div class=\"wp-block-column is-layout-flow wp-block-column-is-layout-flow\">\n<figure class=\"wp-block-image aligncenter size-large\"><img data-recalc-dims=\"1\" decoding=\"async\" width=\"1024\" height=\"723\" src=\"https:\/\/i0.wp.com\/clarapache.com\/wp-content\/uploads\/2022\/11\/Screenshot-2022-11-20-at-19.38.15.png?resize=1024%2C723&#038;ssl=1\" alt=\"\" class=\"wp-image-521\" srcset=\"https:\/\/i0.wp.com\/clarapache.com\/wp-content\/uploads\/2022\/11\/Screenshot-2022-11-20-at-19.38.15.png?resize=1024%2C723&amp;ssl=1 1024w, https:\/\/i0.wp.com\/clarapache.com\/wp-content\/uploads\/2022\/11\/Screenshot-2022-11-20-at-19.38.15.png?resize=300%2C212&amp;ssl=1 300w, https:\/\/i0.wp.com\/clarapache.com\/wp-content\/uploads\/2022\/11\/Screenshot-2022-11-20-at-19.38.15.png?resize=768%2C542&amp;ssl=1 768w, https:\/\/i0.wp.com\/clarapache.com\/wp-content\/uploads\/2022\/11\/Screenshot-2022-11-20-at-19.38.15.png?resize=1536%2C1084&amp;ssl=1 1536w, https:\/\/i0.wp.com\/clarapache.com\/wp-content\/uploads\/2022\/11\/Screenshot-2022-11-20-at-19.38.15.png?resize=2048%2C1446&amp;ssl=1 2048w, https:\/\/i0.wp.com\/clarapache.com\/wp-content\/uploads\/2022\/11\/Screenshot-2022-11-20-at-19.38.15.png?w=1920&amp;ssl=1 1920w\" sizes=\"(max-width: 1000px) 100vw, 1000px\" \/><\/figure>\n<\/div>\n<\/div>\n\n\n\n<figure class=\"wp-block-image aligncenter size-large\"><img data-recalc-dims=\"1\" decoding=\"async\" width=\"1024\" height=\"723\" src=\"https:\/\/i0.wp.com\/clarapache.com\/wp-content\/uploads\/2022\/11\/Screenshot-2022-11-20-at-19.40.23.png?resize=1024%2C723&#038;ssl=1\" alt=\"\" class=\"wp-image-523\" srcset=\"https:\/\/i0.wp.com\/clarapache.com\/wp-content\/uploads\/2022\/11\/Screenshot-2022-11-20-at-19.40.23.png?resize=1024%2C723&amp;ssl=1 1024w, https:\/\/i0.wp.com\/clarapache.com\/wp-content\/uploads\/2022\/11\/Screenshot-2022-11-20-at-19.40.23.png?resize=300%2C212&amp;ssl=1 300w, https:\/\/i0.wp.com\/clarapache.com\/wp-content\/uploads\/2022\/11\/Screenshot-2022-11-20-at-19.40.23.png?resize=768%2C542&amp;ssl=1 768w, https:\/\/i0.wp.com\/clarapache.com\/wp-content\/uploads\/2022\/11\/Screenshot-2022-11-20-at-19.40.23.png?resize=1536%2C1085&amp;ssl=1 1536w, https:\/\/i0.wp.com\/clarapache.com\/wp-content\/uploads\/2022\/11\/Screenshot-2022-11-20-at-19.40.23.png?resize=2048%2C1446&amp;ssl=1 2048w, https:\/\/i0.wp.com\/clarapache.com\/wp-content\/uploads\/2022\/11\/Screenshot-2022-11-20-at-19.40.23.png?w=1920&amp;ssl=1 1920w\" sizes=\"(max-width: 1000px) 100vw, 1000px\" \/><\/figure>\n","protected":false},"excerpt":{"rendered":"<p>O blazer \u00e9 uma das pe\u00e7as da cole\u00e7\u00e3o c\u00e1psula &#8220;Kahlo, perfei\u00e7\u00e3o imperfeita&#8221;, que teve inspira\u00e7\u00e3o na vida e cultura de Frida Kahlo em integra\u00e7\u00e3o com a arte japonesa de repara\u00e7\u00e3o de cer\u00e2micas quebradas ou lascadas, com &#8220;costuras&#8221; em p\u00f3 de ouro e outros metais, conhecida como kintsugi.<\/p>\n","protected":false},"author":2,"featured_media":0,"parent":407,"menu_order":0,"comment_status":"closed","ping_status":"closed","template":"","meta":{"footnotes":""},"class_list":["post-530","page","type-page","status-publish","hentry"],"jetpack_sharing_enabled":true,"_links":{"self":[{"href":"https:\/\/clarapache.com\/index.php\/wp-json\/wp\/v2\/pages\/530","targetHints":{"allow":["GET"]}}],"collection":[{"href":"https:\/\/clarapache.com\/index.php\/wp-json\/wp\/v2\/pages"}],"about":[{"href":"https:\/\/clarapache.com\/index.php\/wp-json\/wp\/v2\/types\/page"}],"author":[{"embeddable":true,"href":"https:\/\/clarapache.com\/index.php\/wp-json\/wp\/v2\/users\/2"}],"replies":[{"embeddable":true,"href":"https:\/\/clarapache.com\/index.php\/wp-json\/wp\/v2\/comments?post=530"}],"version-history":[{"count":3,"href":"https:\/\/clarapache.com\/index.php\/wp-json\/wp\/v2\/pages\/530\/revisions"}],"predecessor-version":[{"id":534,"href":"https:\/\/clarapache.com\/index.php\/wp-json\/wp\/v2\/pages\/530\/revisions\/534"}],"up":[{"embeddable":true,"href":"https:\/\/clarapache.com\/index.php\/wp-json\/wp\/v2\/pages\/407"}],"wp:attachment":[{"href":"https:\/\/clarapache.com\/index.php\/wp-json\/wp\/v2\/media?parent=530"}],"curies":[{"name":"wp","href":"https:\/\/api.w.org\/{rel}","templated":true}]}}